{"id":101,"date":"2016-11-22T21:16:55","date_gmt":"2016-11-22T21:16:55","guid":{"rendered":"http:\/\/sgsabroad.com\/?page_id=101"},"modified":"2016-11-22T21:16:55","modified_gmt":"2016-11-22T21:16:55","slug":"yaz-okullari","status":"publish","type":"page","link":"http:\/\/sgsabroad.com\/?page_id=101","title":{"rendered":"Yaz Okullar\u0131"},"content":{"rendered":"<p><span style=\"color: #df0000;\"><strong>YURTDI\u015eI YAZ OKULLARI<\/strong><\/span><\/p>\n<p>Minimum 2 haftadan ba\u015flay\u0131p 12 haftaya kadar yaz s\u00fcresince devam eden, 7-17 ya\u015f grubunun kat\u0131labilece\u011fi bu programlar\u0131n amac\u0131 \u00f6ncelikle \u00f6\u011frencilerin yabanc\u0131 dillerinin geli\u015ftirilmesi, g\u00fcnl\u00fck konu\u015fmalarda pratik kazanmas\u0131, farkl\u0131 bir k\u00fclt\u00fcr\u00fc tan\u0131mas\u0131, ayr\u0131ca yaz tatilini de\u011fi\u015fik aktivitelere kat\u0131larak e\u011flenceli bir \u015fekilde ge\u00e7irmesidir. Bir ba\u015fka ama\u00e7 ise \u00f6\u011frencinin farkl\u0131 bir ortama uyumunun geli\u015ftirilerek \u00f6zg\u00fcveninin art\u0131r\u0131lmas\u0131 ve \u00e7ok \u00e7e\u015fitli uluslardan \u00e7ocuklarla kayna\u015fma sa\u011flanmas\u0131d\u0131r. Bireysel olarak gidilebilece\u011fi gibi T\u00fcrkiye&#8217;de okullar\u0131n b\u00fcnyesinde olu\u015fturulan gruplar ile de yaz okullar\u0131na kat\u0131lmak m\u00fcmk\u00fcnd\u00fcr. \u00f6nceden planlanan t\u00fcm ayr\u0131nt\u0131lar amaca uygun olarak ger\u00e7ekle\u015ftirilmektedir. Geziler, spor aktiviteleri, oyunlar, k\u00fclt\u00fcrel faaliyetler, dersler bu program\u0131n i\u00e7eri\u011fini olu\u015fturur. En \u00f6nemli noktalardan biri de \u00f6\u011frencilerin g\u00fcvenli\u011fidir. Hem T\u00fcrkiye&#8217;den \u00f6\u011frencilerle birlikte g\u00f6nderilen \u00f6\u011fretmenler hem de \u00e7al\u0131\u015f\u0131lan okullardaki personel bu konuda son derece duyarl\u0131d\u0131r. Her 10 ile 12 ki\u015filik \u00f6\u011frenci grubuna T\u00fcrkiye&#8217;deki kendi okullar\u0131ndan se\u00e7ilen bir \u0131ngilizce \u00f6\u011fretmeni ve \u015firketimizin grup lideri e\u015flik etmektedir. Bu \u00e7er\u00e7evede aileler teredd\u00fct etmeden \u00e7ocuklar\u0131n\u0131 bu programa kaydettirebilirler. Vize i\u015flemleri, u\u00e7ak bileti, \u00f6zel sa\u011fl\u0131k sigortas\u0131, havaalan\u0131 transferleri \u015firketimizin organizasyon dahilindedir.<\/p>\n<p><span style=\"color: #df0000;\"><strong>DERSLER<\/strong><\/span><\/p>\n<p>Haftada 20 ders olarak d\u00fczenlenmi\u015f olup daha \u00e7ok pratik a\u011f\u0131rl\u0131kl\u0131d\u0131r. S\u0131n\u0131flar 10-12 ki\u015fi aras\u0131ndad\u0131r. Derslerde \u00e7e\u015fitli uygulama teknikleriyle, lisan oyunlar\u0131 ile \u00f6\u011frencilerin lisan kullan\u0131m\u0131 becerileri geli\u015ftirilmektedir. Yap\u0131lan ara s\u0131navlar ile \u00f6\u011frencinin geli\u015fimi izlenerek kurs bitiminde sertifika verilmektedir.<\/p>\n<p><span style=\"color: #df0000;\"><strong>KONAKLAMA<\/strong><\/span><\/p>\n<p>Okul taraf\u0131ndan se\u00e7ilen, ayn\u0131 zamanda devlet taraf\u0131ndan da kontrolleri yap\u0131lan ailelerin yan\u0131nda veya okulun yurdunda konaklanma sa\u011flanmaktad\u0131r. Aile yan\u0131 konaklamada: \u00f6\u011frenci ayn\u0131 odada ba\u015fka bir milletten \u00f6\u011frenci ile kalmaktad\u0131r. Sabah ve ak\u015fam yemekleri aile ile birlikte evde yenilmekte, \u00f6\u011fle yemekleri ise paket olarak haz\u0131rlan\u0131p \u00f6\u011frenciye verilmektedir. Okul kamp\u00fcs\u00fcnde konaklamada ise \u00f6\u011frenciler 2-3-4 ki\u015filik odalarda farkl\u0131 \u00fclkelerden \u00f6\u011frencilerle birlikte kalmaktad\u0131r. Sabah, \u00f6\u011fle, ak\u015fam yemekleri kamp\u00fcste yenmektedir.<\/p>\n<p><span style=\"color: #df0000;\"><strong>K\u00dcLT\u00dcREL VE TAR\u0130H\u0130 GEZ\u0130LER<\/strong><\/span><\/p>\n<p>\u00c7evredeki \u015fehirlere, k\u00fclt\u00fcrel ve tarihi yerlere, genellikle haftada 1 tam g\u00fcn + bir yar\u0131m g\u00fcn geziler yap\u0131lmaktad\u0131r. B\u00fct\u00fcn gezilerde \u00f6\u011frencilerin ba\u015f\u0131nda okul personeli ve kendi personelimiz bulunmaktad\u0131r.<\/p>\n<p><span style=\"color: #df0000;\"><strong>AKT\u0130V\u0130TELER<\/strong><\/span><\/p>\n<p>Atletizm, basketbol, voleybol, futbol, ok\u00e7uluk, paten, tenis, y\u00fczme, aerobik, badminton, dans, tiyatro, bilardo, masa tenisi gibi aktiviteler (okula g\u00f6re farkl\u0131l\u0131k g\u00f6stermektedir)<\/p>\n","protected":false},"excerpt":{"rendered":"<p>YURTDI\u015eI YAZ OKULLARI Minimum 2 haftadan ba\u015flay\u0131p 12 haftaya kadar yaz s\u00fcresince devam eden, 7-17 ya\u015f grubunun kat\u0131labilece\u011fi bu programlar\u0131n amac\u0131 \u00f6ncelikle \u00f6\u011frencilerin yabanc\u0131 dillerinin geli\u015ftirilmesi, g\u00fcnl\u00fck konu\u015fmalarda pratik kazanmas\u0131, farkl\u0131 bir k\u00fclt\u00fcr\u00fc tan\u0131mas\u0131, ayr\u0131ca yaz tatilini de\u011fi\u015fik aktivitelere kat\u0131larak e\u011flenceli bir \u015fekilde ge\u00e7irmesidir. Bir ba\u015fka ama\u00e7 ise \u00f6\u011frencinin farkl\u0131 bir ortama uyumunun geli\u015ftirilerek \u00f6zg\u00fcveninin<a class=\"moretag\" href=\"http:\/\/sgsabroad.com\/?page_id=101\"><span class=\"screen-reader-text\">Hakk\u0131nda daha fazlas\u0131n\u0131 oku Yaz Okullar\u0131<\/span>[&#8230;]<\/a><\/p>\n","protected":false},"author":2,"featured_media":0,"parent":0,"menu_order":0,"comment_status":"closed","ping_status":"closed","template":"template-fullwidth.php","meta":[],"_links":{"self":[{"href":"http:\/\/sgsabroad.com\/index.php?rest_route=\/wp\/v2\/pages\/101"}],"collection":[{"href":"http:\/\/sgsabroad.com\/index.php?rest_route=\/wp\/v2\/pages"}],"about":[{"href":"http:\/\/sgsabroad.com\/index.php?rest_route=\/wp\/v2\/types\/page"}],"author":[{"embeddable":true,"href":"http:\/\/sgsabroad.com\/index.php?rest_route=\/wp\/v2\/users\/2"}],"replies":[{"embeddable":true,"href":"http:\/\/sgsabroad.com\/index.php?rest_route=%2Fwp%2Fv2%2Fcomments&post=101"}],"version-history":[{"count":1,"href":"http:\/\/sgsabroad.com\/index.php?rest_route=\/wp\/v2\/pages\/101\/revisions"}],"predecessor-version":[{"id":102,"href":"http:\/\/sgsabroad.com\/index.php?rest_route=\/wp\/v2\/pages\/101\/revisions\/102"}],"wp:attachment":[{"href":"http:\/\/sgsabroad.com\/index.php?rest_route=%2Fwp%2Fv2%2Fmedia&parent=101"}],"curies":[{"name":"wp","href":"https:\/\/api.w.org\/{rel}","templated":true}]}}