{"id":104,"date":"2016-11-22T21:18:44","date_gmt":"2016-11-22T21:18:44","guid":{"rendered":"http:\/\/sgsabroad.com\/?page_id=104"},"modified":"2016-11-22T21:26:27","modified_gmt":"2016-11-22T21:26:27","slug":"yabanci-ogretmen","status":"publish","type":"page","link":"http:\/\/sgsabroad.com\/?page_id=104","title":{"rendered":"Yabanc\u0131 \u00d6\u011fretmen"},"content":{"rendered":"<table border=\"0\" cellspacing=\"0\" cellpadding=\"0\">\n<tbody>\n<tr>\n<td class=\"MENU\" width=\"526\"><span style=\"color: #df0000;\"><strong>Yabanc\u0131 \u00d6\u011fretmen<\/strong><\/span><\/p>\n<p>SGS ABROAD\u00a0\u00dclkemizdeki \u00f6zel \u00f6\u011fretim kurumlar\u0131n\u0131n en \u00f6nemli ihtiya\u00e7lar\u0131ndan olan Yabanc\u0131 Dil \u00d6\u011fretmenleri konusunda da kurumumuzun \u0130ngiltere, Amerika, Kanada ve Fransa&#8217;da bulunan ve \u00f6\u011fretmen yeti\u015ftiren kurulu\u015flarla yapt\u0131\u011f\u0131 anla\u015fmalar ile \u00fclkemiz ko\u015fullar\u0131na uyum sa\u011flayabilecek, alan\u0131nda uzman Yabanc\u0131 Dil \u00d6\u011fretmenlerini \u00fclkemize getirmektedir.<\/p>\n<p><span style=\"color: #df0000;\"><strong>Bu s\u00fcre\u00e7te kurumumuz:<\/strong><\/span><\/p>\n<p><span style=\"color: #df0000;\"><strong>&#8211;<\/strong><\/span> \u00d6\u011fretim kurumunun ihtiyac\u0131n\u0131 belirlemek<br \/>\n<span style=\"color: #df0000;\"><strong>&#8211;<\/strong><\/span> Havuzumuzda bulunan adaylar aras\u0131ndan belirlenen kriterlere en uygun aday\u0131 se\u00e7mek<br \/>\n<span style=\"color: #df0000;\"><strong>&#8211;<\/strong><\/span> \u0130lgili \u00f6\u011fretim kurumunun onay\u0131n\u0131n ard\u0131ndan \u00f6\u011fretmenin \u00fclkemize giri\u015finden t\u00fcm resmi izinlerin al\u0131nmas\u0131 konusunda dan\u0131\u015fmanl\u0131k ve \/ veya hizmet sa\u011flamaktad\u0131r.<\/td>\n<\/tr>\n<tr>\n<td height=\"10\"><\/td>\n<\/tr>\n<tr>\n<td class=\"MENU\">Yabanc\u0131 \u00f6\u011fretmen talep ediyorsan\u0131z l\u00fctfen bizimle ileti\u015fime ge\u00e7iniz.<\/td>\n<\/tr>\n<\/tbody>\n<\/table>\n","protected":false},"excerpt":{"rendered":"<p>Yabanc\u0131 \u00d6\u011fretmen SGS ABROAD\u00a0\u00dclkemizdeki \u00f6zel \u00f6\u011fretim kurumlar\u0131n\u0131n en \u00f6nemli ihtiya\u00e7lar\u0131ndan olan Yabanc\u0131 Dil \u00d6\u011fretmenleri konusunda da kurumumuzun \u0130ngiltere, Amerika, Kanada ve Fransa&#8217;da bulunan ve \u00f6\u011fretmen yeti\u015ftiren kurulu\u015flarla yapt\u0131\u011f\u0131 anla\u015fmalar ile \u00fclkemiz ko\u015fullar\u0131na uyum sa\u011flayabilecek, alan\u0131nda uzman Yabanc\u0131 Dil \u00d6\u011fretmenlerini \u00fclkemize getirmektedir. Bu s\u00fcre\u00e7te kurumumuz: &#8211; \u00d6\u011fretim kurumunun ihtiyac\u0131n\u0131 belirlemek &#8211; Havuzumuzda bulunan adaylar aras\u0131ndan belirlenen<a class=\"moretag\" href=\"http:\/\/sgsabroad.com\/?page_id=104\"><span class=\"screen-reader-text\">Hakk\u0131nda daha fazlas\u0131n\u0131 oku Yabanc\u0131 \u00d6\u011fretmen<\/span>[&#8230;]<\/a><\/p>\n","protected":false},"author":2,"featured_media":0,"parent":0,"menu_order":0,"comment_status":"closed","ping_status":"closed","template":"","meta":[],"_links":{"self":[{"href":"http:\/\/sgsabroad.com\/index.php?rest_route=\/wp\/v2\/pages\/104"}],"collection":[{"href":"http:\/\/sgsabroad.com\/index.php?rest_route=\/wp\/v2\/pages"}],"about":[{"href":"http:\/\/sgsabroad.com\/index.php?rest_route=\/wp\/v2\/types\/page"}],"author":[{"embeddable":true,"href":"http:\/\/sgsabroad.com\/index.php?rest_route=\/wp\/v2\/users\/2"}],"replies":[{"embeddable":true,"href":"http:\/\/sgsabroad.com\/index.php?rest_route=%2Fwp%2Fv2%2Fcomments&post=104"}],"version-history":[{"count":2,"href":"http:\/\/sgsabroad.com\/index.php?rest_route=\/wp\/v2\/pages\/104\/revisions"}],"predecessor-version":[{"id":120,"href":"http:\/\/sgsabroad.com\/index.php?rest_route=\/wp\/v2\/pages\/104\/revisions\/120"}],"wp:attachment":[{"href":"http:\/\/sgsabroad.com\/index.php?rest_route=%2Fwp%2Fv2%2Fmedia&parent=104"}],"curies":[{"name":"wp","href":"https:\/\/api.w.org\/{rel}","templated":true}]}}