{"id":128,"date":"2016-11-22T21:38:56","date_gmt":"2016-11-22T21:38:56","guid":{"rendered":"http:\/\/sgsabroad.com\/?page_id=128"},"modified":"2016-11-22T21:38:56","modified_gmt":"2016-11-22T21:38:56","slug":"holmes-colleges","status":"publish","type":"page","link":"http:\/\/sgsabroad.com\/?page_id=128","title":{"rendered":"HOLMES COLLEGES"},"content":{"rendered":"<p><span style=\"color: #df0000;\"><strong>DIPLOMA OF BUSINESS MANAGEMENT<\/strong><\/span><\/p>\n<p><span style=\"color: #df0000;\"><strong>CERTIFICATE 4 IN BUSINESS MANAGEMENT<\/strong><\/span><\/p>\n<p><span style=\"color: #df0000;\"><strong>THE COURSE<\/strong><\/span><\/p>\n<p>The Diploma of Bussiness Management Course is nationally accreedited and provides sucessful gradutes with a sound combination of general Bussiness and computer skills.<\/p>\n<p>The four essential areas of expertise required in a bussiness environment are covered: Management &amp; Communication, Marketing &amp; Sales, Accounting and Computing.n The subjects tought provide students with a thourgh understanding of the basic concepts and principles in each of these areas, and the opportunity to apply these principle to practical situations. The course provides a balance between theory and practice. Experiential learning, which includes groupes exercises, case studies, guest speakers from the industry and practical research projects, forms and integral part of the course.<\/p>\n<p>The qualification enables students to pursue career opportunities in numerous Bussiness vocations, including general management, sales, administration, accounting, computing,m and customer service.<\/p>\n<p>The course also equips students with the theorical and practical skills to pursue opportinities in small bussiness management \/ ownership .<\/p>\n<p><span style=\"color: #df0000;\"><strong>Areas of Study<\/strong><\/span><\/p>\n<ul>\n<li>Certificate 4 Level &#8211; 30 weeks<\/li>\n<\/ul>\n<ul>\n<li>Workplace information processing<\/li>\n<\/ul>\n<ul>\n<li>Bussiness work environment<\/li>\n<\/ul>\n<ul>\n<li>Information Technology applications<\/li>\n<\/ul>\n<ul>\n<li>Workplace safety<\/li>\n<\/ul>\n<ul>\n<li>Sales fundamentals<\/li>\n<\/ul>\n<ul>\n<li>Effective workplace performance<\/li>\n<\/ul>\n<ul>\n<li>Electronic presentations for Bussiness<\/li>\n<\/ul>\n<ul>\n<li>Account payable and receivable<\/li>\n<\/ul>\n<ul>\n<li>Managing Effective Sales performance<\/li>\n<\/ul>\n<ul>\n<li>Advanced computer applications (Access, Excel, Word)<\/li>\n<\/ul>\n<ul>\n<li>Market research driven innovations and change<\/li>\n<\/ul>\n<ul>\n<li>Teamwork and customer service<\/li>\n<\/ul>\n<ul>\n<li>Identifying market opportunities<\/li>\n<\/ul>\n<ul>\n<li>Diploma level &#8211; 40 weeks<\/li>\n<\/ul>\n<ul>\n<li>Meetings and conferances<\/li>\n<\/ul>\n<ul>\n<li>Prepare and manage budgets and financial plans<\/li>\n<\/ul>\n<ul>\n<li>Effective work place management<\/li>\n<\/ul>\n<ul>\n<li>Management of Bussiness document desing and development<\/li>\n<\/ul>\n<ul>\n<li>Successful completion of the course or individual subject units enables you to apply for credit transfer and \/ or exemptions at other tertiary instutions.<\/li>\n<\/ul>\n<p><span style=\"color: #df0000;\"><strong>DIPLOMA OF BUSINESS (MARKETING)<\/strong><\/span><\/p>\n<p><span style=\"color: #df0000;\"><strong>CERTIFICATE 4 IN BUSINESS (MARKETING)<\/strong><\/span><\/p>\n<p><span style=\"color: #df0000;\"><strong>THE COURSE<\/strong><\/span><\/p>\n<p>Holmes Colleges offers the diploma of Bussiness (Marketing) and the certificate 4 in Bussiness (marketing), providing and intensive, practical and solid grounding in all core elements of marketing.<\/p>\n<p>The diploma may be completed in 40 tuition weeks full time and the certificate 4 may be completed in 30 tuition weeks full time. The course provides a balance between theory and practice. experiential leaming, which includes group exercises, case studies guest speakers from the industry and practical research projects, forms an integral part of the course. graduating studens are able to undertake advanced studies at undergraduate level and are will equipped to pursue variety of career options.<\/p>\n<p>Graduates are eligible to apply four membership of the Australian Marketing institute (AMI).<\/p>\n<p><span style=\"color: #df0000;\"><strong>Areas of Study<\/strong><\/span><\/p>\n<ul>\n<li>Certificate 4 Level &#8211; 30 weeks<\/li>\n<\/ul>\n<ul>\n<li>Workplace information processing<\/li>\n<\/ul>\n<ul>\n<li>Bussiness work environment<\/li>\n<\/ul>\n<ul>\n<li>Information Technology applications<\/li>\n<\/ul>\n<ul>\n<li>Workplace safety<\/li>\n<\/ul>\n<ul>\n<li>Sales fundamentals<\/li>\n<\/ul>\n<ul>\n<li>Effective workplace performance<\/li>\n<\/ul>\n<ul>\n<li>Electronic presentations for Bussiness<\/li>\n<\/ul>\n<ul>\n<li>Account payable and receivable<\/li>\n<\/ul>\n<ul>\n<li>Managing Effective Sales performance<\/li>\n<\/ul>\n<ul>\n<li>Advanced computer applications (Access, Excel, Word)<\/li>\n<\/ul>\n<ul>\n<li>Market research driven innovations and change<\/li>\n<\/ul>\n<ul>\n<li>Teamwork and customer service<\/li>\n<\/ul>\n<ul>\n<li>Identifying market opportunities<\/li>\n<\/ul>\n<ul>\n<li>Diploma level &#8211; 40 weeks<\/li>\n<\/ul>\n<ul>\n<li>Meetings and conferances<\/li>\n<\/ul>\n<ul>\n<li>Management of Marketing mix and opportunities<\/li>\n<\/ul>\n<ul>\n<li>Marketing Solutions<\/li>\n<\/ul>\n<ul>\n<li>Management of Bussiness document desing and development<\/li>\n<\/ul>\n<p>&nbsp;<\/p>\n<ul>\n<li><span style=\"color: #df0000;\"><strong>DIPLOMA OF BUSINESS (ADMINISTRATIONS)<\/strong><\/span>\n<p><span style=\"color: #df0000;\"><strong>THE COURSE<\/strong><\/span><\/p>\n<p>There have been enormous changes in office procedures, employer expectations and information systems in recent years and consequentlt the role of a secretary \/ personal assitant has canged drammatically.<\/p>\n<p>The demend for will trained secterial and administration stuff with up &#8211; to &#8211; date skills is now greater than ever. The skills learned in a Holmes Bussiness administration &#8211; executive secretarial course will provide the basis on which to build a career in any field. There is always a demend for enthusiastic people which organisational administrative and secretarial skills.<\/p>\n<p>The course will give you the confidence and stimulating future .<\/p>\n<p><span style=\"color: #df0000;\"><strong>Areas of Study<\/strong><\/span><\/li>\n<li>Bussiness Computing<\/li>\n<li><\/li>\n<li>Electronic Office<\/li>\n<li><\/li>\n<li>Spreadsheets<\/li>\n<li><\/li>\n<li>Bussiness correspondence<\/li>\n<li><\/li>\n<li>Reception &amp; Office Practice<\/li>\n<li><\/li>\n<li>Personal &amp; team effectivenes<\/li>\n<li><\/li>\n<li>Travel &amp; meeting arrangements<\/li>\n<li><\/li>\n<li>Meeting client needs<\/li>\n<li><\/li>\n<li>Customer service<\/li>\n<li><\/li>\n<li>Supervision<\/li>\n<li><\/li>\n<li>Managing communication technology<\/li>\n<li><\/li>\n<li>Information Handling<\/li>\n<li><\/li>\n<li>Managing document design<\/li>\n<li><\/li>\n<li>Project Management<\/li>\n<li><\/li>\n<li>Legal Terminology<\/li>\n<li><\/li>\n<li>Medical Terminology<\/li>\n<li><\/li>\n<li>Effective work relation.<\/li>\n<\/ul>\n<p><span style=\"color: #df0000;\"><strong>DIPLOMA OF ACCOUNTING<\/strong><\/span><\/p>\n<p><span style=\"color: #df0000;\"><strong>THE COURSE<\/strong><\/span><\/p>\n<p>The Course has been developed to provide a base qualification in the accounting discipline. The curricullum has been designed jointly by the proffessional educators and industry specialist, and is nationally accretited Holmes Lecturers have both academic qualifications and practical experience<\/p>\n<p>On completion of the diploma, students may find employment as accounts clercks, accounts payable or receivable, general o?ffice administration<\/p>\n<p>The Couse Provides a balance between theory and practice. Experiantal learning which includes group exerciss, case studies, guest speaker from the industry and practical research projects, forms an integral part of the course<\/p>\n<p><span style=\"color: #df0000;\"><strong>Areas of Study<\/strong><\/span><\/p>\n<ul>\n<li>Accounting<\/li>\n<\/ul>\n<ul>\n<li>Bussiness statistics<\/li>\n<\/ul>\n<ul>\n<li>Financial Management<\/li>\n<\/ul>\n<ul>\n<li>Keyboarding Tech &amp; Operation<\/li>\n<\/ul>\n<ul>\n<li>Computer applications<\/li>\n<\/ul>\n<ul>\n<li>Computerised Accounting<\/li>\n<\/ul>\n<ul>\n<li>Bussiness Communication<\/li>\n<\/ul>\n<ul>\n<li>Negotiation Skills<\/li>\n<\/ul>\n<ul>\n<li>Tax Procedures<\/li>\n<\/ul>\n<ul>\n<li>Partnership &amp; Bankruptcy Law<\/li>\n<\/ul>\n<ul>\n<li>Compannmy Accounting &amp; Financial Statements<\/li>\n<\/ul>\n<ul>\n<li>Management Accounting Principles<\/li>\n<\/ul>\n<ul>\n<li>Commercial Law<\/li>\n<\/ul>\n<ul>\n<li>Internal Control Principles<\/li>\n<\/ul>\n<ul>\n<li>Contract Law<\/li>\n<\/ul>\n<ul>\n<li>Management Accounting<\/li>\n<\/ul>\n<ul>\n<li>Effective work relation.<\/li>\n<\/ul>\n<ul>\n<li>Bussiness Mathematics<\/li>\n<\/ul>\n<ul>\n<li>Spreadsheet fundamentals<\/li>\n<\/ul>\n<ul>\n<li>Presenting Reports<\/li>\n<\/ul>\n<ul>\n<li>Budgeting<\/li>\n<\/ul>\n<ul>\n<li>Economics for Bussiness<\/li>\n<\/ul>\n<ul>\n<li>Income Tax Law<\/li>\n<\/ul>\n<ul>\n<li>Company Law<\/li>\n<li>Effective work Relations<\/li>\n<\/ul>\n<table border=\"0\" width=\"526\" cellspacing=\"0\" cellpadding=\"0\">\n<tbody>\n<tr>\n<td width=\"526\">\n<table border=\"0\" cellspacing=\"0\" cellpadding=\"0\">\n<tbody>\n<tr>\n<td class=\"MENU\" width=\"526\"><span style=\"color: #df0000;\"><strong>DIPLOMA OF INFORMATION TECHNOLOGY<\/strong><\/span><\/p>\n<p><span style=\"color: #df0000;\"><strong>CERTIFICATE 4 IN INFORMATION TECHNOLOGY<\/strong><\/span><\/p>\n<p><span style=\"color: #df0000;\"><strong>THE COURSE<\/strong><\/span><\/p>\n<p>Computers are a vital for all modern Bussiness operations, and indeed have become a part of everyday life. Skilled personel are required not only to operate and maintain equipment, but to integrate computer systems into areas as diverse as Bussiness Organisation, the home the music and video industry and internet connectivity around the world. The IT Courses provide graduates with an excellent insight in to all of the major expects of information technology and a broad base of general Bussiness skills.<\/p>\n<p>Students develop their Computer skills in the context today&#8217;s bussiness world. Throughout the course students will be exposed to a range of applications and development tools which are currently utilesed and in demand by IT Professionals.This Programme aimed at those who wish to undertake employment or further study in the area of software design which involves design and modification of the operating environment software which links computer software and hardware.<\/p>\n<p><span style=\"color: #df0000;\"><strong>Areas of Study<\/strong><\/span><\/p>\n<p><span style=\"color: #df0000;\"><strong>Certificate 4 in information Technolgy<\/strong><\/span><\/p>\n<ul>\n<li>Manage a pc &#8211; software installation and diagnostics<\/li>\n<\/ul>\n<ul>\n<li>Operate hardware and peripherals<\/li>\n<\/ul>\n<ul>\n<li>Advanced computer Applications<\/li>\n<\/ul>\n<ul>\n<li>Manage a pc &#8211; System Maintanence<\/li>\n<\/ul>\n<ul>\n<li>Hardware Maintenance<\/li>\n<\/ul>\n<ul>\n<li>Object Oriented design<\/li>\n<\/ul>\n<ul>\n<li>Coding Application &#8211; Pascal and C<\/li>\n<\/ul>\n<ul>\n<li>Internet Infrastructure &#8211; HTML<\/li>\n<\/ul>\n<ul>\n<li>Internet Infrastructure &#8211; Javascript<\/li>\n<\/ul>\n<ul>\n<li>Rapid Application design &#8211; delphi<\/li>\n<\/ul>\n<ul>\n<li>Network administration and protocols<\/li>\n<\/ul>\n<ul>\n<li>Software development and customisation &#8211; Java<\/li>\n<\/ul>\n<ul>\n<li>Project integration and time Management skills<\/li>\n<\/ul>\n<ul>\n<li>Quality and cost skills application<\/li>\n<\/ul>\n<p><span style=\"color: #df0000;\"><strong>Diploma of information technology<\/strong><\/span><\/p>\n<ul>\n<li>Software development and customasitaon &#8211; c<\/li>\n<\/ul>\n<ul>\n<li>Client liaison &#8211; reports<\/li>\n<\/ul>\n<ul>\n<li>Internet infrastructure &#8211; networking<\/li>\n<\/ul>\n<ul>\n<li>Internet infrastructure (active server pages)<\/li>\n<\/ul>\n<ul>\n<li>Software development and rapid application design &#8211; visual basic<\/li>\n<\/ul>\n<ul>\n<li>Rapid Application design &#8211; Delphi<\/li>\n<\/ul>\n<ul>\n<li>Software Development and customisation &#8211; C++<\/li>\n<\/ul>\n<ul>\n<li>Project integration and scope management<\/li>\n<\/ul>\n<ul>\n<li>Quality and cost Management<\/li>\n<\/ul>\n<ul>\n<li>Software development and customisation &#8211; Java<\/li>\n<\/ul>\n<\/td>\n<\/tr>\n<\/tbody>\n<\/table>\n<\/td>\n<\/tr>\n<\/tbody>\n<\/table>\n<p>&nbsp;<\/p>\n<p><span style=\"color: #df0000;\"><strong>DIPLOMA OF TOURISM<\/strong><\/span><\/p>\n<p><span style=\"color: #df0000;\"><strong>Diploma of Tourism &#8211; (Operation Management)<\/strong><\/span><\/p>\n<p><span style=\"color: #df0000;\"><strong>Certificate 4 in Tourism &#8211; (Sales and Marketing)<\/strong><\/span><\/p>\n<p><span style=\"color: #df0000;\"><strong>Certificate 3 in Tourism &#8211; (Internatinal Retail Travel)<\/strong><\/span><\/p>\n<p><span style=\"color: #df0000;\"><strong>Certificate 2 in Tourism &#8211; (Operation)<\/strong><\/span><\/p>\n<p><span style=\"color: #df0000;\"><strong>THE COURSE<\/strong><\/span><\/p>\n<p>The course provides you with a will &#8211; balanced programme of theoreticol subjects. Computer training and practical travel subjects. The industry placement module has been desinned so that the student participates as an effective member of a retail sales team. Students on industry release will be responsible to the travel agency manager who will assist and encourage them to contribute to the day to day running of the agency as will as having direct contact with clients. successful graduates receive to separate industry &#8211; based certificates for galileo, and IATA BSP. Both certificates are regarded as essential for employment in the industry.<\/p>\n<p><span style=\"color: #df0000;\"><strong>Areas of Study<\/strong><\/span><\/p>\n<p><span style=\"color: #df0000;\"><strong>Certificate 2 Level &#8211; 10 Weeks<\/strong><\/span><\/p>\n<ul>\n<li>Introduction to trabel &amp; tourism<\/li>\n<\/ul>\n<ul>\n<li>Destinations &#8211; Australia<\/li>\n<\/ul>\n<ul>\n<li>Computer technology<\/li>\n<\/ul>\n<ul>\n<li>Travel interpersonal relationships<\/li>\n<\/ul>\n<ul>\n<li>Australian fares and documentation<\/li>\n<\/ul>\n<ul>\n<li>IATA BSP<\/li>\n<\/ul>\n<ul>\n<li>Travel agency operations<\/li>\n<\/ul>\n<p><span style=\"color: #df0000;\"><strong>Certificate 3 level -20 weeks<\/strong><\/span><\/p>\n<ul>\n<li>CRS &#8211; Galileo<\/li>\n<\/ul>\n<ul>\n<li>Destination studies &#8211; NZ &amp; the pasifici<\/li>\n<\/ul>\n<ul>\n<li>I.nternational fares<\/li>\n<\/ul>\n<ul>\n<li>Travel sales &amp; client interaction<\/li>\n<\/ul>\n<p><span style=\"color: #df0000;\"><strong>Certificate 4 level &#8211; 30 weeks<\/strong><\/span><\/p>\n<ul>\n<li>Destination studies &#8211; the Americas<\/li>\n<\/ul>\n<ul>\n<li>Financial management<\/li>\n<\/ul>\n<ul>\n<li>Travel legal compliance<\/li>\n<\/ul>\n<ul>\n<li>Sales and marketing pirinciples<\/li>\n<\/ul>\n<ul>\n<li>Computer document production<\/li>\n<\/ul>\n<p><span style=\"color: #df0000;\"><strong>Diploma level &#8211; 40 weeks<\/strong><\/span><\/p>\n<ul>\n<li>Advanced international airfares<\/li>\n<\/ul>\n<ul>\n<li>Destination studies &#8211; Europe &amp; Africa<\/li>\n<\/ul>\n<ul>\n<li>Tourism workplace operations<\/li>\n<\/ul>\n<ul>\n<li>Project management travel<\/li>\n<\/ul>\n<ul>\n<li>Planning and product development<\/li>\n<\/ul>\n<p><span style=\"color: #df0000;\"><strong>DIPLOMA OF HOSPITALITY MANAGEMENT<\/strong><\/span><\/p>\n<p><span style=\"color: #df0000;\"><strong>EMPLOYMENT OPPORTUNITIES<\/strong><\/span><\/p>\n<p>Plan your fture in an industry that offers a secure and rewarding career path into front office management, foolt and beverage operations and duty management. Studying hospitality at Holmes Colleges will prepare you four a successful career in this dynamic world wide field. The courses offer a well &#8211; balanced programme with a strong emphasis on practical &#8216;Hands on&#8217; training which is complemented by relevant the oretical hospitality subjects. The Course ensures all students have the skills required for entry into this exciting industry.<\/p>\n<p><span style=\"color: #df0000;\"><strong>Areas of Study<\/strong><\/span><\/p>\n<p><span style=\"color: #df0000;\"><strong>Certificate 4 Level<\/strong><\/span><\/p>\n<ul>\n<li>Introduction to Hopitality<\/li>\n<\/ul>\n<ul>\n<li>Food and Beverage &#8211; Restaurant operation<\/li>\n<\/ul>\n<ul>\n<li>Basic Safety , security and Hygiene<\/li>\n<\/ul>\n<ul>\n<li>Rooms division operation<\/li>\n<\/ul>\n<ul>\n<li>Interpersonal Relationships<\/li>\n<\/ul>\n<ul>\n<li>Stock security, ordering and control<\/li>\n<\/ul>\n<ul>\n<li>Financial Management<\/li>\n<\/ul>\n<ul>\n<li>Advanced safety, Security and Health<\/li>\n<\/ul>\n<ul>\n<li>Leadership, Management and Communicational<\/li>\n<\/ul>\n<p><span style=\"color: #df0000;\"><strong>Diploma Level<\/strong><\/span><\/p>\n<ul>\n<li>Sales and marketing Principles<\/li>\n<\/ul>\n<ul>\n<li>Hopitality project Management<\/li>\n<\/ul>\n<ul>\n<li>Hospitality legal compliance<\/li>\n<\/ul>\n<ul>\n<li>Human resource management<\/li>\n<\/ul>\n<ul>\n<li>Computer technology<\/li>\n<\/ul>\n<p>&nbsp;<\/p>\n<p>&nbsp;<\/p>\n<p>&nbsp;<\/p>\n<p>&nbsp;<\/p>\n","protected":false},"excerpt":{"rendered":"<p>DIPLOMA OF BUSINESS MANAGEMENT CERTIFICATE 4 IN BUSINESS MANAGEMENT THE COURSE The Diploma of Bussiness Management Course is nationally accreedited and provides sucessful gradutes with a sound combination of general Bussiness and computer skills. The four essential areas of expertise required in a bussiness environment are covered: Management &amp; Communication, Marketing &amp; Sales, Accounting and<a class=\"moretag\" href=\"http:\/\/sgsabroad.com\/?page_id=128\"><span class=\"screen-reader-text\">Hakk\u0131nda daha fazlas\u0131n\u0131 oku HOLMES COLLEGES<\/span>[&#8230;]<\/a><\/p>\n","protected":false},"author":2,"featured_media":0,"parent":0,"menu_order":0,"comment_status":"closed","ping_status":"closed","template":"","meta":[],"_links":{"self":[{"href":"http:\/\/sgsabroad.com\/index.php?rest_route=\/wp\/v2\/pages\/128"}],"collection":[{"href":"http:\/\/sgsabroad.com\/index.php?rest_route=\/wp\/v2\/pages"}],"about":[{"href":"http:\/\/sgsabroad.com\/index.php?rest_route=\/wp\/v2\/types\/page"}],"author":[{"embeddable":true,"href":"http:\/\/sgsabroad.com\/index.php?rest_route=\/wp\/v2\/users\/2"}],"replies":[{"embeddable":true,"href":"http:\/\/sgsabroad.com\/index.php?rest_route=%2Fwp%2Fv2%2Fcomments&post=128"}],"version-history":[{"count":1,"href":"http:\/\/sgsabroad.com\/index.php?rest_route=\/wp\/v2\/pages\/128\/revisions"}],"predecessor-version":[{"id":129,"href":"http:\/\/sgsabroad.com\/index.php?rest_route=\/wp\/v2\/pages\/128\/revisions\/129"}],"wp:attachment":[{"href":"http:\/\/sgsabroad.com\/index.php?rest_route=%2Fwp%2Fv2%2Fmedia&parent=128"}],"curies":[{"name":"wp","href":"https:\/\/api.w.org\/{rel}","templated":true}]}}