{"id":135,"date":"2016-11-22T21:44:45","date_gmt":"2016-11-22T21:44:45","guid":{"rendered":"http:\/\/sgsabroad.com\/?page_id=135"},"modified":"2016-11-22T21:44:45","modified_gmt":"2016-11-22T21:44:45","slug":"mls-international-college-management-international-specialist","status":"publish","type":"page","link":"http:\/\/sgsabroad.com\/?page_id=135","title":{"rendered":"MLS International College (Management &#038; International Specialist)"},"content":{"rendered":"<p>&nbsp;<\/p>\n<p>&nbsp;<br \/>\n<span style=\"color: #df0000;\"><strong>Bournemouth Business School International (BBSI)<\/strong><\/span><\/p>\n<ul>\n<li>Management &amp; Business Administration (DBM)<\/li>\n<li>Marketing, Advertising &amp; Public Relations (DMP)<\/li>\n<li>Finance &amp; Financial Services (DFS)<\/li>\n<li>Legal Studies, European &amp; Commercial Law (DLS)<\/li>\n<li>Science &amp; Technology (DST)<\/li>\n<li>Nursing, Medical &amp; Healthcare (NMH)<\/li>\n<li><\/li>\n<li>Computing &amp; Information Technology ( DIT)<\/li>\n<li>Travel ,Tourisnm &amp; Hospatility Management (DTT)<\/li>\n<\/ul>\n<table border=\"0\" cellspacing=\"0\" cellpadding=\"0\">\n<tbody>\n<tr>\n<td class=\"MENU\" width=\"526\"><span style=\"color: #df0000;\"><strong>01 Business &amp; English Studies Certificate and Diploma Programme<\/strong><\/span><\/p>\n<p>The Certificate and Diploma in Business and English studies courses are designed for students who wish to improve their general English Language skills as well as developing skills in the areas of Business Studies\/Business Communications, Management, Marketing and International Trade (options in computer Studies, Tourism and Cambridge First Certificate in English Preparation).<\/p>\n<p><span style=\"color: #df0000;\"><strong>Course Objectives<\/strong><\/span><\/p>\n<ul>\n<li>To equip studenys with the necessery Business Studies and Business Communications skills in order to to return home and begin work.<\/li>\n<\/ul>\n<ul>\n<li>To Achieve accurate and effective Communication Skills.<\/li>\n<\/ul>\n<ul>\n<li>To enable students to cope with business in an international environment.<\/li>\n<\/ul>\n<ul>\n<li>To cover the terminolgy of the main elements in the programme.<\/li>\n<\/ul>\n<ul>\n<li>To enable students to reach a competent level of English.<\/li>\n<\/ul>\n<ul>\n<li>To enable students to progrss to further or higher Education establishments in the UK, to gain entry to degree and higher diploma courses in Business Management or related subjects.<\/li>\n<\/ul>\n<p><span style=\"color: #df0000;\"><strong>Programme of Studies &#8211; 28 lessons each week<\/strong><\/span><\/p>\n<ul>\n<li>16 lessons Business Studies covering a comprehensive range of topics to equip the student with skills and knowledge needed in the Business environment.<\/li>\n<\/ul>\n<ul>\n<li>10 lessons General English at the appropriate level.<\/li>\n<\/ul>\n<ul>\n<li>2 lessons Computer Studies.<\/li>\n<\/ul>\n<p><span style=\"color: #df0000;\"><strong>Business English and Communications<\/strong><\/span><\/p>\n<ul>\n<li>I.ncludes the skills of<\/li>\n<\/ul>\n<ul>\n<li>Report, letter and memo writing<\/li>\n<\/ul>\n<ul>\n<li>Summarising and note &#8211; taking<\/li>\n<\/ul>\n<ul>\n<li>Telephoning, information transference<\/li>\n<\/ul>\n<ul>\n<li>Presentation<\/li>\n<\/ul>\n<ul>\n<li>Meetings<\/li>\n<\/ul>\n<ul>\n<li>Interviews<\/li>\n<\/ul>\n<p><span style=\"color: #df0000;\"><strong>Management<\/strong><\/span><\/p>\n<ul>\n<li>Organisation Structure<\/li>\n<\/ul>\n<ul>\n<li>Behaviour<\/li>\n<\/ul>\n<ul>\n<li>Motivation<\/li>\n<\/ul>\n<ul>\n<li>Leadership<\/li>\n<\/ul>\n<ul>\n<li>Planning<\/li>\n<\/ul>\n<ul>\n<li>Budgeting<\/li>\n<\/ul>\n<ul>\n<li>Financial control<\/li>\n<\/ul>\n<p><span style=\"color: #df0000;\"><strong>Marketing<\/strong><\/span><\/p>\n<ul>\n<li>Introduction to Marketing Terminology<\/li>\n<\/ul>\n<ul>\n<li>Identifying the market<\/li>\n<\/ul>\n<ul>\n<li>Product Policy and Planning<\/li>\n<\/ul>\n<ul>\n<li>The Consumer<\/li>\n<\/ul>\n<ul>\n<li>The marketing Mix<\/li>\n<\/ul>\n<ul>\n<li>Marketing strategy<\/li>\n<\/ul>\n<ul>\n<li>Advertising<\/li>\n<\/ul>\n<ul>\n<li>Packaging<\/li>\n<\/ul>\n<ul>\n<li>Public Relations<\/li>\n<\/ul>\n<p><span style=\"color: #df0000;\"><strong>International Trade<\/strong><\/span><\/p>\n<ul>\n<li>Import Regulations<\/li>\n<\/ul>\n<ul>\n<li>Export Procedures<\/li>\n<\/ul>\n<ul>\n<li>Airfreight<\/li>\n<\/ul>\n<ul>\n<li>Seafreight<\/li>\n<\/ul>\n<ul>\n<li>Customs Documentation<\/li>\n<\/ul>\n<ul>\n<li>Payment Documentation eg. Bills of Exchange, Letters of Credit<\/li>\n<\/ul>\n<ul>\n<li>Contacts<\/li>\n<\/ul>\n<ul>\n<li>Patterns of world trade<\/li>\n<\/ul>\n<p><span style=\"color: #df0000;\"><strong>General English<\/strong><\/span><\/p>\n<ul>\n<li>Oral Communication<\/li>\n<\/ul>\n<ul>\n<li>Listening and Reading<\/li>\n<\/ul>\n<ul>\n<li>Written English<\/li>\n<\/ul>\n<ul>\n<li>Pronunciation<\/li>\n<\/ul>\n<ul>\n<li>Study Skills<\/li>\n<\/ul>\n<ul>\n<li>Examination Preparation (Cambridge first certificate)<\/li>\n<\/ul>\n<p><span style=\"color: #df0000;\"><strong>Computer Studies<\/strong><\/span><\/p>\n<ul>\n<li>Introduction to Computer Studies<\/li>\n<\/ul>\n<ul>\n<li>Operating the systems<\/li>\n<\/ul>\n<ul>\n<li>Word Precessing<\/li>\n<\/ul>\n<ul>\n<li>Spreadsheets<\/li>\n<\/ul>\n<ul>\n<li>Windows<\/li>\n<\/ul>\n<ul>\n<li>Database Management<\/li>\n<\/ul>\n<ul>\n<li>Accounting Packages (SAGE)<\/li>\n<\/ul>\n<\/td>\n<\/tr>\n<tr>\n<td class=\"MENU\" width=\"526\"><span style=\"color: #df0000;\"><strong>Optional Programme:(4 Lessons each week &#8211; subject to demand)<\/strong><\/span><\/p>\n<p><span style=\"color: #df0000;\"><strong>A Computer Studies<\/strong><\/span><\/p>\n<ul>\n<li>Introduction to Computers and Operating systems<\/li>\n<\/ul>\n<ul>\n<li>How to use the equipment<\/li>\n<\/ul>\n<ul>\n<li>Keyboard and Word Processing<\/li>\n<\/ul>\n<ul>\n<li>Packages used in Business<\/li>\n<\/ul>\n<ul>\n<li>Use of Computerised Filling system<\/li>\n<\/ul>\n<ul>\n<li>Networks and Integrated Systems<\/li>\n<\/ul>\n<ul>\n<li>Programming<\/li>\n<\/ul>\n<p><span style=\"color: #df0000;\"><strong>B Tourism<\/strong><\/span><\/p>\n<ul>\n<li>Growth<\/li>\n<\/ul>\n<ul>\n<li>Development<\/li>\n<\/ul>\n<ul>\n<li>Hotel Industry<\/li>\n<\/ul>\n<ul>\n<li>Tour Operation<\/li>\n<\/ul>\n<ul>\n<li>Hotel Organisations<\/li>\n<\/ul>\n<ul>\n<li>Accomododation<\/li>\n<\/ul>\n<ul>\n<li>Operatins and Catering Operations<\/li>\n<\/ul>\n<p><span style=\"color: #df0000;\"><strong>C Cambridge First Certificate in English Prepration<\/strong><\/span><\/p>\n<ul>\n<li>Reading Comprehension<\/li>\n<\/ul>\n<ul>\n<li>Written Composition<\/li>\n<\/ul>\n<ul>\n<li>Use of English<\/li>\n<\/ul>\n<ul>\n<li>Listening Comprehension<\/li>\n<\/ul>\n<ul>\n<li>Interview<\/li>\n<\/ul>\n<p><span style=\"color: #df0000;\"><strong>Entry Requirements<\/strong><\/span><\/p>\n<p>Students must have a minimum intermediate level of english on arrival and have camplited secondary education in their on country.Students should send copies of high-school certificates with their enrolment form.<\/p>\n<p><span style=\"color: #df0000;\"><strong>English Test<\/strong><\/span><\/p>\n<p>All students complete the mls english test on arrival and are placed in classes according to their level of english.<\/p>\n<p><span style=\"color: #df0000;\"><strong>Class Size<\/strong><\/span><\/p>\n<p>Maximum 12 students per class.<\/p>\n<p><span style=\"color: #df0000;\"><strong>Minimum Age<\/strong><\/span><\/p>\n<p>18 years.<\/p>\n<p><span style=\"color: #df0000;\"><strong>Examinations<\/strong><\/span><\/p>\n<ul>\n<li>Cambridge first certificate examination<\/li>\n<\/ul>\n<ul>\n<li>Cambridge advanced english<\/li>\n<\/ul>\n<ul>\n<li>Cambridge certificate in english for international bussines and trade (CEIBT)<\/li>\n<\/ul>\n<ul>\n<li>British council international english language testing services (IELTS)<\/li>\n<\/ul>\n<ul>\n<li>London chamber of commerce and industry bussines examination.<\/li>\n<\/ul>\n<ul>\n<li>SEFIC (Spoken English for Industry &amp; commerce<\/li>\n<\/ul>\n<p><span style=\"color: #df0000;\"><strong>Period of Study<\/strong><\/span><\/p>\n<ul>\n<li>The programmes normally start in january,april and september<\/li>\n<\/ul>\n<ul>\n<li>Certificate course &#8211; 4 &#8211; 11 weeks<\/li>\n<\/ul>\n<ul>\n<li>Intermediate diploma course &#8211; 22 weeks<\/li>\n<\/ul>\n<ul>\n<li>Diploma course &#8211; 33 weeks<\/li>\n<\/ul>\n<p><span style=\"color: #df0000;\"><strong>Course Certification<\/strong><\/span><\/p>\n<p>At the end of the course,on completion of the required coursework and final test,each trainee will recieve either a certificate,intermediate diploma or diploma of achievement as well as full report on their progress and potential for further training.<\/p>\n<p><span style=\"color: #df0000;\"><strong>Further &amp; Higher Education<\/strong><\/span><\/p>\n<p>The diploma in bussines studies course is accepted at a number of uk colleges of further education,politechnics and universities.Studets of a suitable level have an opportunity of studying on BTEC national,HND and degree courses.<\/p>\n<p><span style=\"color: #df0000;\"><strong>1.03 Summer international bussiness studies course<\/strong><\/span><\/p>\n<p>Summer international bussiness studies courses are designed for bussiness students or professional personell whose main aim is to practice and improve their comunnication skills within an authentic business context.Lessons on management and Marketing help to both situmulate an improve language skills vocabulary as well as give an insight into typical managerial and marketing situations and problems.Students are encouraged to participate as full as possible,exchanging ideas and using their on experience.Specially trained stuff ensure that comunications difficulties are corrected and overcome,ennabling students to gain confidence and express them selves more easilly in english in discussions,meetings with clients and negotiations.<\/p>\n<p><span style=\"color: #df0000;\"><strong>Programme of Studies &#8211; 20 lessons each week<\/strong><\/span><\/p>\n<p><span style=\"color: #df0000;\"><strong>Management<\/strong><\/span><\/p>\n<p>To include aspects of :<\/p>\n<ul>\n<li>Organisational structer<\/li>\n<\/ul>\n<ul>\n<li>Behavior<\/li>\n<\/ul>\n<ul>\n<li>Motivation<\/li>\n<\/ul>\n<ul>\n<li>Leadership<\/li>\n<\/ul>\n<ul>\n<li>Plannig<\/li>\n<\/ul>\n<ul>\n<li>Butgetting<\/li>\n<\/ul>\n<ul>\n<li>Financial control<\/li>\n<\/ul>\n<p><span style=\"color: #df0000;\"><strong>Marketing<\/strong><\/span><\/p>\n<ul>\n<li>Including advertising and public relations<\/li>\n<\/ul>\n<ul>\n<li>Identifying the market<\/li>\n<\/ul>\n<ul>\n<li>Consumer behavior<\/li>\n<\/ul>\n<ul>\n<li>Product analysis<\/li>\n<\/ul>\n<ul>\n<li>Pricing and butgetting<\/li>\n<\/ul>\n<ul>\n<li>Packaking<\/li>\n<\/ul>\n<ul>\n<li>Media planning<\/li>\n<\/ul>\n<ul>\n<li>Promotions<\/li>\n<\/ul>\n<ul>\n<li>Advertisement design<\/li>\n<\/ul>\n<p><span style=\"color: #df0000;\"><strong>International Trade<\/strong><\/span><\/p>\n<ul>\n<li>Import regulations<\/li>\n<\/ul>\n<ul>\n<li>Export procedures<\/li>\n<\/ul>\n<ul>\n<li>Airfright<\/li>\n<\/ul>\n<ul>\n<li>Seafright<\/li>\n<\/ul>\n<ul>\n<li>Customs documentation<\/li>\n<\/ul>\n<ul>\n<li>Payment documentaions<\/li>\n<\/ul>\n<ul>\n<li>Contracts<\/li>\n<\/ul>\n<ul>\n<li>Patterns of world trade<\/li>\n<\/ul>\n<p><span style=\"color: #df0000;\"><strong>Business Communications<\/strong><\/span><\/p>\n<ul>\n<li>Report, letter, memo writing<\/li>\n<\/ul>\n<ul>\n<li>Summarising and note-taking<\/li>\n<\/ul>\n<ul>\n<li>Telephoning, taking and giving messages<\/li>\n<\/ul>\n<ul>\n<li>Presentation<\/li>\n<\/ul>\n<ul>\n<li>Negotiation<\/li>\n<\/ul>\n<ul>\n<li>Meetings<\/li>\n<\/ul>\n<ul>\n<li>Interviewing<\/li>\n<\/ul>\n<ul>\n<li>Promotional litteratue and advertising copy<\/li>\n<\/ul>\n<ul>\n<li>Press release writing<\/li>\n<\/ul>\n<p><span style=\"color: #df0000;\"><strong>Level of English<\/strong><\/span><\/p>\n<p>Intermediate \/ advanced<\/p>\n<p><span style=\"color: #df0000;\"><strong>English Test<\/strong><\/span><\/p>\n<p>All students complete the MLS english test on arrival and are placed in classes according to their level of English<\/p>\n<p><span style=\"color: #df0000;\"><strong>Class Size<\/strong><\/span><\/p>\n<p>Maximum 12 students<\/p>\n<p><span style=\"color: #df0000;\"><strong>Minimum Age<\/strong><\/span><\/p>\n<p>18 years<\/p>\n<p><span style=\"color: #df0000;\"><strong>Period of Study<\/strong><\/span><\/p>\n<p>July and august &#8211; 2 &#8211; 10 weeks<\/p>\n<p><span style=\"color: #df0000;\"><strong>Course Certification<\/strong><\/span><\/p>\n<p>At the end of the course each student will recieve a certificate in international<\/td>\n<\/tr>\n<\/tbody>\n<\/table>\n<hr \/>\n<p><span style=\"color: #df0000;\"><strong>02 Marketing, Advertising, Public Relations and English Studies Certificate and Diploma programme<\/strong><\/span><\/p>\n<p>Increasingly large companies are looking to the skills of marketing to develop their bussines as marketing requires high standarts of communication.MLS college provides an introductry course in marketing, advertising\/public reletaions combined with english language and communication skills.<\/p>\n<p>The LCCI diploma is an excellent qualification fot those who ar wishing to make a career in marketing and communications, but who have little experience of the subject or qualifications.It is also an excellent examination route for students who do not have the entry qualifications to enter uinversity courses or be accepted as students for higher level courses such as cam.MLS college is a teaching centre for cam.The LCCI diploma is a recognised qualification, accepted by all leading bodies and universities and allowes the holders to use LCCI after their names.MLS has achieved excellent results with overseas students taking this course, some of whom have progressed to taking their masters degree.<\/p>\n<p><span style=\"color: #df0000;\"><strong>Programme of Studies<\/strong><\/span><\/p>\n<ul>\n<li>26 lessons each week<\/li>\n<\/ul>\n<ul>\n<li>16 lessons marketing, advertising and public reletaions<\/li>\n<\/ul>\n<ul>\n<li>10 lessons general english<\/li>\n<\/ul>\n<p><span style=\"color: #df0000;\"><strong>Marketing<\/strong><\/span><\/p>\n<p>To develop an understanding of the role of marketing with in international trade<\/p>\n<p><span style=\"color: #df0000;\"><strong>Advertising<\/strong><\/span><\/p>\n<p>The role of advertising, the voluntary codes of pratice and the structure of the advertising industry<\/p>\n<p><span style=\"color: #df0000;\"><strong>Public Relations<\/strong><\/span><\/p>\n<p>Changing role of public relations in the modern inernational society<\/p>\n<p><span style=\"color: #df0000;\"><strong>General English<\/strong><\/span><\/p>\n<p>Oral communication; Listening and reading; written english; Pronunciation; Study skills; Examinations preparation.<\/p>\n<p><span style=\"color: #df0000;\"><strong>A Computer Studies <\/strong><\/span><\/p>\n<ul>\n<li>Introduction to Computers and Operating systems<\/li>\n<\/ul>\n<ul>\n<li>How to use the equipment<\/li>\n<\/ul>\n<ul>\n<li>Keyboard and Word Processing<\/li>\n<\/ul>\n<ul>\n<li>Packages used in Business<\/li>\n<\/ul>\n<ul>\n<li>Use of Computerised Filling system<\/li>\n<\/ul>\n<ul>\n<li>Networks and Integrated Systems<\/li>\n<\/ul>\n<ul>\n<li>Programming<\/li>\n<\/ul>\n<p><span style=\"color: #df0000;\"><strong>B Tourism<\/strong><\/span><\/p>\n<ul>\n<li>Growth<\/li>\n<\/ul>\n<ul>\n<li>Development<\/li>\n<\/ul>\n<ul>\n<li>Hotel Industry<\/li>\n<\/ul>\n<ul>\n<li>Tour Operation<\/li>\n<\/ul>\n<ul>\n<li>Hotel Organisations<\/li>\n<\/ul>\n<ul>\n<li>Accomododation<\/li>\n<\/ul>\n<ul>\n<li>Operatins and Catering Operations<\/li>\n<\/ul>\n<p><span style=\"color: #df0000;\"><strong>C Cambridge First Certificate in English Prepration<\/strong><\/span><\/p>\n<ul>\n<li>Reading Comprehension<\/li>\n<\/ul>\n<ul>\n<li>Written Composition<\/li>\n<\/ul>\n<ul>\n<li>Use of English<\/li>\n<\/ul>\n<ul>\n<li>Listening Comprehension<\/li>\n<\/ul>\n<ul>\n<li>Interview<\/li>\n<\/ul>\n<p><span style=\"color: #df0000;\"><strong>Entry Requirements<\/strong><\/span><\/p>\n<p>Students must have a minimum intermediate level of english on arrival and have camplited secondary education in their on country.Students should send copies of high-school certificates with their enrolment form.<\/p>\n<p><span style=\"color: #df0000;\"><strong>English Test<\/strong><\/span><\/p>\n<p>All students complete the mls english test on arrival and are placed in classes according to their level of english.<\/p>\n<p><span style=\"color: #df0000;\"><strong>Class Size<\/strong><\/span><\/p>\n<p>Maximum 12 students per class.<\/p>\n<p><span style=\"color: #df0000;\"><strong>Minimum Age<\/strong><\/span><\/p>\n<p>18 years.<\/p>\n<p><span style=\"color: #df0000;\"><strong>Examinations<\/strong><\/span><\/p>\n<ul>\n<li>Cambridge first certificate examination<\/li>\n<\/ul>\n<ul>\n<li>Cambridge advanced english<\/li>\n<\/ul>\n<ul>\n<li>Cambridge certificate in english for international bussines and trade (CEIBT)<\/li>\n<\/ul>\n<ul>\n<li>British council international english language testing services (IELTS)<\/li>\n<\/ul>\n<ul>\n<li>London chamber of commerce and industry bussines examination.<\/li>\n<\/ul>\n<ul>\n<li>SEFIC (Spoken English for Industry &amp; commerce<\/li>\n<\/ul>\n<p><span style=\"color: #df0000;\"><strong>Period of Study<\/strong><\/span><\/p>\n<ul>\n<li>The programmes normally start in january,april and september<\/li>\n<\/ul>\n<ul>\n<li>Certificate course &#8211; 4 &#8211; 11 weeks<\/li>\n<\/ul>\n<ul>\n<li>Intermediate diploma course &#8211; 22 weeks<\/li>\n<\/ul>\n<ul>\n<li>Diploma course &#8211; 33 weeks<\/li>\n<\/ul>\n<p><span style=\"color: #df0000;\"><strong>Course Certification<\/strong><\/span><\/p>\n<p>At the end of the course,on completion of the required coursework and final test, each trainee will recieve either a certificate,intermediate diploma or diploma of achievement as well as full report on their progress and potential for further training.<\/p>\n<p><span style=\"color: #df0000;\"><strong>Further &amp; Higher Education<\/strong><\/span><\/p>\n<p>The diploma in Marketing, Advertising\/Public relations course is accepted at a number of uk colleges of further education,politechnics and universities.Studets of a suitable level have an opportunity of studying on BTEC national,HND and degree courses.<\/p>\n<p>&nbsp;<\/p>\n","protected":false},"excerpt":{"rendered":"<p>&nbsp; &nbsp; Bournemouth Business School International (BBSI) Management &amp; Business Administration (DBM) Marketing, Advertising &amp; Public Relations (DMP) Finance &amp; Financial Services (DFS) Legal Studies, European &amp; Commercial Law (DLS) Science &amp; Technology (DST) Nursing, Medical &amp; Healthcare (NMH) Computing &amp; Information Technology ( DIT) Travel ,Tourisnm &amp; Hospatility Management (DTT) 01 Business &amp; English<a class=\"moretag\" href=\"http:\/\/sgsabroad.com\/?page_id=135\"><span class=\"screen-reader-text\">Hakk\u0131nda daha fazlas\u0131n\u0131 oku MLS International College (Management &#038; International Specialist)<\/span>[&#8230;]<\/a><\/p>\n","protected":false},"author":2,"featured_media":0,"parent":0,"menu_order":0,"comment_status":"closed","ping_status":"closed","template":"","meta":[],"_links":{"self":[{"href":"http:\/\/sgsabroad.com\/index.php?rest_route=\/wp\/v2\/pages\/135"}],"collection":[{"href":"http:\/\/sgsabroad.com\/index.php?rest_route=\/wp\/v2\/pages"}],"about":[{"href":"http:\/\/sgsabroad.com\/index.php?rest_route=\/wp\/v2\/types\/page"}],"author":[{"embeddable":true,"href":"http:\/\/sgsabroad.com\/index.php?rest_route=\/wp\/v2\/users\/2"}],"replies":[{"embeddable":true,"href":"http:\/\/sgsabroad.com\/index.php?rest_route=%2Fwp%2Fv2%2Fcomments&post=135"}],"version-history":[{"count":1,"href":"http:\/\/sgsabroad.com\/index.php?rest_route=\/wp\/v2\/pages\/135\/revisions"}],"predecessor-version":[{"id":136,"href":"http:\/\/sgsabroad.com\/index.php?rest_route=\/wp\/v2\/pages\/135\/revisions\/136"}],"wp:attachment":[{"href":"http:\/\/sgsabroad.com\/index.php?rest_route=%2Fwp%2Fv2%2Fmedia&parent=135"}],"curies":[{"name":"wp","href":"https:\/\/api.w.org\/{rel}","templated":true}]}}