{"id":142,"date":"2016-11-22T21:48:49","date_gmt":"2016-11-22T21:48:49","guid":{"rendered":"http:\/\/sgsabroad.com\/?page_id=142"},"modified":"2016-11-22T21:48:49","modified_gmt":"2016-11-22T21:48:49","slug":"avustralyada-egitim","status":"publish","type":"page","link":"http:\/\/sgsabroad.com\/?page_id=142","title":{"rendered":"Avustralya&#8217;da E\u011fitim"},"content":{"rendered":"<p><span style=\"color: #df0000;\"><strong>NEDEN AVUSTRALYA?<\/strong><\/span><\/p>\n<p>Avustralya, n\u00fcfusu 19 milyon civar\u0131nda bulunan canl\u0131, enerjik ve insanlar\u0131 s\u0131cakkanl\u0131 bir \u00fclkedir. K\u00fclt\u00fcrel ve co\u011frafi \u00e7e\u015fitlilili\u011fi ile de bilinen k\u0131ta yabanc\u0131lara kar\u015f\u0131 \u00e7ok ho\u015fg\u00f6r\u00fcl\u00fc ve en ya\u015fanabilir \u00fclkelerden biridir.<\/p>\n<p>Avustralya&#8217;da iklim y\u0131l boyunca yumu\u015fak ve astropikal \u015fekilde oldu\u011fundan, t\u00fcm spor ve e\u011flence olanaklar\u0131na imkan sunar.<\/p>\n<p>K\u0131tan\u0131n \u00f6zelli\u011fi, 200&#8217;\u00fc a\u015fk\u0131n \u00fclkeden g\u00f6\u00e7 etmi\u015f insanlar\u0131n bu \u00fclkeyi d\u00fcnyan\u0131n en kozmopolit \u00fclkesi haline getirmi\u015f olmas\u0131d\u0131r.<\/p>\n<p><span style=\"color: #df0000;\"><strong>NEDEN AVUSTRALYA&#8217;DA E\u011e\u0130T\u0130M?<\/strong><\/span><\/p>\n<p>Avustralya&#8217;da e\u011fitim standart\u0131n\u0131n \u00e7ok y\u00fcksek oldu\u011fu bilinmektedir. G\u00fcn\u00fcm\u00fczde okullar, y\u00fcksekokullar ve \u00fcniversitelerde en son telekom\u00fcnikasyon ve bilgisayar teknolojileri temel e\u011fitim ara\u00e7lar\u0131 olarak kabul edilmektedir.<\/p>\n<p>Avustralyan\u0131n okullar\u0131, y\u00fcksekokullar\u0131 ve \u00fcniversiteleri her y\u0131l artan say\u0131da yabanc\u0131 \u00f6\u011frenci kabul ediyor. \u0130statistiklere g\u00f6re ge\u00e7en y\u0131l Avustralya&#8217;da okuyan yabanc\u0131 \u00f6\u011frenci say\u0131s\u0131 130.000&#8217;i a\u015f\u0131yordu.<\/p>\n<p>Avustralya&#8217;da e\u011fitimin avantajlar\u0131 \u015f\u00f6yle s\u0131ralanabilir;<\/p>\n<ul>\n<li>Y\u00fcksek standartta, uluslararas\u0131 tan\u0131nan diplomalar<\/li>\n<\/ul>\n<ul>\n<li>Uygun e\u011fitim ve ya\u015fam masraflar\u0131 (ABD ve Ingiltere&#8217;den olduk\u00e7a d\u00fc\u015f\u00fckt\u00fcr)<\/li>\n<\/ul>\n<ul>\n<li>G\u00fcvenli, s\u0131cakkanl\u0131 ve enerjik bir ortam<\/li>\n<\/ul>\n<ul>\n<li>Geni\u015f kapsaml\u0131 dil ve belli ba\u015fl\u0131 bilim dallar\u0131nda teknik, lisans ve y\u00fcksek lisans programlar\u0131<\/li>\n<\/ul>\n<ul>\n<li>\u00dcniversite ve y\u00fcksekokullar\u0131n uluslararas\u0131 \u00f6\u011frencilerin ihtiya\u00e7lar\u0131na duyarl\u0131l\u0131k g\u00f6stermesi<\/li>\n<\/ul>\n<p><span style=\"color: #df0000;\"><strong>AVUSTRALYA&#8217;DA E\u011e\u0130T\u0130M VE YA\u015eAM MAL\u0130YETLER\u0130<\/strong><\/span><\/p>\n<p>Avustralya&#8217;da y\u00fcksek \u00f6\u011frenimin maliyeti yabanc\u0131 \u00f6\u011frenciler i\u00e7in ABD veya \u0130ngiltere&#8217;den \u00e7ok daha d\u00fc\u015f\u00fckt\u00fcr.Avustralya Dolar\u0131, Amerikan Dolar\u0131 ve \u0130ngiliz Pound&#8217;u ile kar\u015f\u0131la\u015ft\u0131r\u0131ld\u0131\u011f\u0131 zaman neredeyse iki misli daha d\u00fc\u015f\u00fckt\u00fcr.Avustralya&#8217;da ya\u015fam pahal\u0131 de\u011fildir. Nerede okumak istedi\u011finiz &#8211; b\u00fcy\u00fck \u015fehir veya ta\u015fra &#8211; ve ki\u015fisel ya\u015fam tarz\u0131n\u0131z b\u00fct\u00e7enizi belirleyecektir.<\/p>\n<p>Avustralya&#8217;da ortalama e\u011fitim masraflar\u0131:<\/p>\n<ul>\n<li>\u0130ngilizce: Haftada US$ 160<\/li>\n<\/ul>\n<ul>\n<li>\u00dcniversite haz\u0131rl\u0131k: Y\u0131lda US$ 7.300<\/li>\n<\/ul>\n<ul>\n<li>\u00dcniversite: \u0130\u015fletme ve edebiyat y\u0131lda US$ 7.000 Fen y\u0131lda US$ 9.000<\/li>\n<\/ul>\n<ul>\n<li>Y\u00fcksek lisans: \u0130\u015fletme ve edebiyat y\u0131lda US$ 7.300 Fen y\u0131lda US$ 9.000<\/li>\n<\/ul>\n<p><span style=\"color: #df0000;\"><strong>KONAKLAMA<\/strong><\/span><\/p>\n<p>\u00dcniversite ve y\u00fcksekokullar\u0131n bir\u00e7o\u011funun kendi yurt binalar\u0131 vard\u0131r. Buna alternatif olarak \u00f6\u011frenciler daire veya ev de kiralayabilirler (genellikle birka\u00e7 \u00f6\u011frenci ortak olarak kiray\u0131 payla\u015f\u0131r). \u00d6\u011frenciler ilk aylarda Avustralyal\u0131 aileler yan\u0131nda kalmay\u0131 tercih edebilirler. &#8216;Home Stay&#8217; ismi verilen bu sistemde \u00f6\u011frencinin kendi odas\u0131 olur, ve yemekler konaklamaya dahildir.<\/p>\n<p>Genel bir g\u00f6sterge istenirse, ya\u015fam masraflar\u0131 haftada US$ 200, y\u0131lda US$10.500 civar\u0131ndad\u0131r.<\/p>\n<p><span style=\"color: #df0000;\"><strong>AVUSTRALYA&#8217;DA \u00d6\u011eRENC\u0130LER \u0130\u00c7\u0130N \u00c7ALI\u015eMA OLANAKLARI<\/strong><\/span><\/p>\n<p>\u00d6\u011frenci vizeniz size \u00f6\u011freniminizi engellemedi\u011fi s\u00fcrece e\u011fitim y\u0131l\u0131 boyunca haftada 20 saat, tatillerde ise tam g\u00fcn \u00e7al\u0131\u015fman\u0131za izin verir. Part time \u00e7al\u0131\u015ft\u0131\u011f\u0131n\u0131z s\u00fcrede kazand\u0131\u011f\u0131n\u0131z paray\u0131 fazladan har\u00e7l\u0131k olarak g\u00f6rmelisiniz, ve kesinlikle e\u011fitim ve ya\u015fam masraflar\u0131n\u0131z\u0131 bu \u015fekilde kar\u015f\u0131layamayaca\u011f\u0131n\u0131z\u0131n bilincinde olmal\u0131s\u0131n\u0131z. \u00c7al\u0131\u015fma izni e\u011fitiminize ba\u015flad\u0131ktan sonra y\u00fcr\u00fcrl\u00fc\u011fe girer.<\/p>\n<p>&nbsp;<\/p>\n","protected":false},"excerpt":{"rendered":"<p>NEDEN AVUSTRALYA? Avustralya, n\u00fcfusu 19 milyon civar\u0131nda bulunan canl\u0131, enerjik ve insanlar\u0131 s\u0131cakkanl\u0131 bir \u00fclkedir. K\u00fclt\u00fcrel ve co\u011frafi \u00e7e\u015fitlilili\u011fi ile de bilinen k\u0131ta yabanc\u0131lara kar\u015f\u0131 \u00e7ok ho\u015fg\u00f6r\u00fcl\u00fc ve en ya\u015fanabilir \u00fclkelerden biridir. Avustralya&#8217;da iklim y\u0131l boyunca yumu\u015fak ve astropikal \u015fekilde oldu\u011fundan, t\u00fcm spor ve e\u011flence olanaklar\u0131na imkan sunar. K\u0131tan\u0131n \u00f6zelli\u011fi, 200&#8217;\u00fc a\u015fk\u0131n \u00fclkeden g\u00f6\u00e7 etmi\u015f<a class=\"moretag\" href=\"http:\/\/sgsabroad.com\/?page_id=142\"><span class=\"screen-reader-text\">Hakk\u0131nda daha fazlas\u0131n\u0131 oku Avustralya&#8217;da E\u011fitim<\/span>[&#8230;]<\/a><\/p>\n","protected":false},"author":2,"featured_media":0,"parent":0,"menu_order":0,"comment_status":"closed","ping_status":"closed","template":"","meta":[],"_links":{"self":[{"href":"http:\/\/sgsabroad.com\/index.php?rest_route=\/wp\/v2\/pages\/142"}],"collection":[{"href":"http:\/\/sgsabroad.com\/index.php?rest_route=\/wp\/v2\/pages"}],"about":[{"href":"http:\/\/sgsabroad.com\/index.php?rest_route=\/wp\/v2\/types\/page"}],"author":[{"embeddable":true,"href":"http:\/\/sgsabroad.com\/index.php?rest_route=\/wp\/v2\/users\/2"}],"replies":[{"embeddable":true,"href":"http:\/\/sgsabroad.com\/index.php?rest_route=%2Fwp%2Fv2%2Fcomments&post=142"}],"version-history":[{"count":1,"href":"http:\/\/sgsabroad.com\/index.php?rest_route=\/wp\/v2\/pages\/142\/revisions"}],"predecessor-version":[{"id":143,"href":"http:\/\/sgsabroad.com\/index.php?rest_route=\/wp\/v2\/pages\/142\/revisions\/143"}],"wp:attachment":[{"href":"http:\/\/sgsabroad.com\/index.php?rest_route=%2Fwp%2Fv2%2Fmedia&parent=142"}],"curies":[{"name":"wp","href":"https:\/\/api.w.org\/{rel}","templated":true}]}}