{"id":147,"date":"2016-11-22T21:50:08","date_gmt":"2016-11-22T21:50:08","guid":{"rendered":"http:\/\/sgsabroad.com\/?page_id=147"},"modified":"2016-11-22T21:50:08","modified_gmt":"2016-11-22T21:50:08","slug":"kanadada-egitim","status":"publish","type":"page","link":"http:\/\/sgsabroad.com\/?page_id=147","title":{"rendered":"Kanada&#8217;da E\u011fitim"},"content":{"rendered":"<p><span style=\"color: #df0000;\"><strong>NEDEN KANADA?<\/strong><\/span><\/p>\n<p>Son bir kac y\u0131ld\u0131r Birle\u015fmi\u015f Milletler&#8217;in yapt\u0131\u011f\u0131 ara\u015ft\u0131rma sonu\u00e7lar\u0131 Kanada&#8217; y\u0131 g\u00fcvenli, huzurlu bir ortamda y\u00fcksek ya\u015fam standartlar\u0131 sunmas\u0131 bak\u0131m\u0131ndan d\u00fcnyada ya\u015fanabilecek en iyi \u00fclke olarak g\u00f6stermektedir.<\/p>\n<p>Bu s\u0131ralama belirlenirken ald\u0131\u011f\u0131 en y\u00fcksek de\u011ferler sundu\u011fu e\u011fitim olanaklar\u0131, y\u00fcksek ya\u015fam standartlar\u0131, ulusal sa\u011fl\u0131k hizmetleri ve d\u00fc\u015f\u00fck su\u00e7 ve \u015fiddet oranlar\u0131d\u0131r.<\/p>\n<p>Temiz ve g\u00fcvenli ortam\u0131n\u0131n yan\u0131s\u0131ra haraketli sosyal ve k\u00fclt\u00fcrel ya\u015fant\u0131s\u0131yla \u00f6zellike Vancouver, Toronto ve Montreal \u015fehirleri d\u00fcnyan\u0131n en klas \u015fehirleri olarak tan\u0131nmaktad\u0131r.<\/p>\n<p>Kanada&#8217;n\u0131n bir di\u011fer \u00f6zelli\u011fi de, d\u00fcnyada \u0130ngilizce ve Frans\u0131zcan\u0131n birlikte resmi dili oldu\u011fu tek \u00fclke olmas\u0131d\u0131r. Ulkenin Frans\u0131zca konu\u015fan halk\u0131n\u0131n % 75 &#8216;I Quebec b\u00f6lgesinde ya\u015far. Fakat \u00fclkenin her yerinde iki dil de kullan\u0131l\u0131r. \u00dclke genelinde \u0130ngilizce konu\u015fanlar\u0131n say\u0131s\u0131 800 milyon ve Frans\u0131zca konu\u015fanlar\u0131n say\u0131s\u0131 250 milyon olarak kay\u0131tlara girmi\u015ftir.<\/p>\n<p><span style=\"color: #df0000;\"><strong>NEDEN KANADA&#8217;DA E\u011e\u0130T\u0130M?<\/strong><\/span><\/p>\n<p>Kanada end\u00fcstri \u00fclkeleri aras\u0131nda enflasyonun en d\u00fc\u015f\u00fck oldu\u011fu \u00fclkelerden biridir. Buna ilaveten, Kanada dolar\u0131n\u0131n Amerikan dolar\u0131na k\u0131yasla daha d\u00fc\u015f\u00fck de\u011ferde olmas\u0131 sebebiyle yurt d\u0131\u015f\u0131nda e\u011fitim almay\u0131 planlayan \u00f6\u011frenciler i\u00e7in \u00e7ok daha ekonomik bir se\u00e7enek olmaktad\u0131r. Kanada&#8217;n\u0131n e\u011fitime ay\u0131rd\u0131\u011f\u0131 b\u00fct\u00e7e di\u011fer \u00fclkelerden daha fazla oldu\u011fu i\u00e7in \u00f6\u011frencilerine e\u011fitimde y\u00fcksek kaliteyi sunmaktad\u0131r. Dolay\u0131s\u0131yla d\u00fcnya \u00e7ap\u0131nda tan\u0131nan \u00fcniversitelerden ald\u0131klar\u0131 derecler sayesinde parlak ve ba\u015far\u0131l\u0131 bir kariyere rahatl\u0131kla sahip olabiliyorlar.<\/p>\n<p><span style=\"color: #df0000;\"><strong>KANADA E\u011e\u0130T\u0130M S\u0130STEM\u0130<\/strong><\/span><\/p>\n<p>\u00dclke genelinde e\u011fitim i\u00e7in belli bir standart olu\u015fturulmas\u0131na kar\u015f\u0131n eyaletlere g\u00f6re e\u011fitim sisteminde baz\u0131 belirgin farkl\u0131l\u0131klar s\u00f6z konusudur. E\u011fitim kurumlar\u0131 devlet ve \u00f6zel olarak ikiye ayr\u0131l\u0131r. Denetimleri ise Eyaletlerin kendi E\u011fitim Bakanl\u0131klar\u0131nca yap\u0131l\u0131r. \u0130lk \u00f6\u011fretim 6 ya\u015f\u0131nda ba\u015flar. Lise e\u011fitiminin uzunlu\u011fu eyaletlere g\u00f6re de\u011fi\u015fir. Genellikle \u00fcniversite e\u011fitimine kadar e\u011fitim s\u00fcresi 12 senedir.<\/p>\n<p><span style=\"color: #df0000;\"><strong>KANADA&#8217;DA Y\u00dcKSEK \u00d6\u011eREN\u0130M KURUMLARI<\/strong><\/span><br \/>\n(Bizim e\u011fitim sistemimizde kar\u015f\u0131l\u0131klar\u0131 bulunmayan kurumlar i\u00e7in \u0130ngilizce isimleri kullan\u0131lm\u0131\u015ft\u0131r.)<\/p>\n<ul>\n<li>\u00dcniversiteler; Kanada \u00fcniversitelerinin b\u00fcy\u00fck bir \u00e7o\u011funlu\u011fu devlet \u00fcniversitesi oldu\u011fundan b\u00f6lge ve okunulan b\u00f6l\u00fcm ne olursa olsun verilen e\u011fitimin y\u00fcksek kalitesi de\u011fi\u015fmemektedir.<\/li>\n<\/ul>\n<ul>\n<li>University Colleges (\u00dcniversite diplomas\u0131n\u0131n yan\u0131s\u0131ra ba\u015fka diploma ve sertifika programlar\u0131n\u0131n da diplomas\u0131n\u0131 veren) Bu okullar iki t\u00fcrl\u00fc e\u011fitim imkan\u0131 sunar ; d\u00f6rt senelik akademik programlar ya da mesle\u011fe ve i\u015f d\u00fcnyas\u0131na y\u00f6nelik teoriden \u00e7ok pratik a\u011f\u0131rl\u0131kl\u0131 programlar.<\/li>\n<\/ul>\n<ul>\n<li>Community Colleges \/ Technical Institutes (2 senelik diploma ve sertifika veren y\u00fcksek ve teknik okullar)<\/li>\n<\/ul>\n<ul>\n<li>Career Colleges (Eyaletler tarf\u0131ndan onayl\u0131 ve s\u00fcrekli denetlenen, mesle\u011fe y\u00f6nelik \u00f6zel teknik ve meslek okullar\u0131)<\/li>\n<\/ul>\n<ul>\n<li>ESL \/ FSL Programlar\u0131 (\u0130ngilizce ve Frans\u0131zca dil okullar\u0131)<\/li>\n<\/ul>\n<p><span style=\"color: #df0000;\"><strong>KANADA&#8217;DA \u00d6\u011eRENC\u0130LER \u0130\u00c7\u0130N \u00c7ALI\u015eMA OLANAKLARI<\/strong><\/span><\/p>\n<p>\u00dcniversite \u00f6\u011frencisi iseniz sadece kamp\u00fcs i\u00e7inde part-time \u00e7al\u0131\u015fma imkan\u0131 bulabilirsiniz. Ayr\u0131ca herhangi bir community college, \u00fcniversite program\u0131ndan ba\u015far\u0131yla mezun olan ki\u015filerin mezun olduklar\u0131 alanda dilerlerse maximum bir sene \u00e7al\u0131\u015fma hakk\u0131 vard\u0131r.<\/p>\n<p>&nbsp;<\/p>\n","protected":false},"excerpt":{"rendered":"<p>NEDEN KANADA? Son bir kac y\u0131ld\u0131r Birle\u015fmi\u015f Milletler&#8217;in yapt\u0131\u011f\u0131 ara\u015ft\u0131rma sonu\u00e7lar\u0131 Kanada&#8217; y\u0131 g\u00fcvenli, huzurlu bir ortamda y\u00fcksek ya\u015fam standartlar\u0131 sunmas\u0131 bak\u0131m\u0131ndan d\u00fcnyada ya\u015fanabilecek en iyi \u00fclke olarak g\u00f6stermektedir. Bu s\u0131ralama belirlenirken ald\u0131\u011f\u0131 en y\u00fcksek de\u011ferler sundu\u011fu e\u011fitim olanaklar\u0131, y\u00fcksek ya\u015fam standartlar\u0131, ulusal sa\u011fl\u0131k hizmetleri ve d\u00fc\u015f\u00fck su\u00e7 ve \u015fiddet oranlar\u0131d\u0131r. Temiz ve g\u00fcvenli ortam\u0131n\u0131n<a class=\"moretag\" href=\"http:\/\/sgsabroad.com\/?page_id=147\"><span class=\"screen-reader-text\">Hakk\u0131nda daha fazlas\u0131n\u0131 oku Kanada&#8217;da E\u011fitim<\/span>[&#8230;]<\/a><\/p>\n","protected":false},"author":2,"featured_media":0,"parent":0,"menu_order":0,"comment_status":"closed","ping_status":"closed","template":"","meta":[],"_links":{"self":[{"href":"http:\/\/sgsabroad.com\/index.php?rest_route=\/wp\/v2\/pages\/147"}],"collection":[{"href":"http:\/\/sgsabroad.com\/index.php?rest_route=\/wp\/v2\/pages"}],"about":[{"href":"http:\/\/sgsabroad.com\/index.php?rest_route=\/wp\/v2\/types\/page"}],"author":[{"embeddable":true,"href":"http:\/\/sgsabroad.com\/index.php?rest_route=\/wp\/v2\/users\/2"}],"replies":[{"embeddable":true,"href":"http:\/\/sgsabroad.com\/index.php?rest_route=%2Fwp%2Fv2%2Fcomments&post=147"}],"version-history":[{"count":1,"href":"http:\/\/sgsabroad.com\/index.php?rest_route=\/wp\/v2\/pages\/147\/revisions"}],"predecessor-version":[{"id":148,"href":"http:\/\/sgsabroad.com\/index.php?rest_route=\/wp\/v2\/pages\/147\/revisions\/148"}],"wp:attachment":[{"href":"http:\/\/sgsabroad.com\/index.php?rest_route=%2Fwp%2Fv2%2Fmedia&parent=147"}],"curies":[{"name":"wp","href":"https:\/\/api.w.org\/{rel}","templated":true}]}}