{"id":40,"date":"2016-11-21T22:41:57","date_gmt":"2016-11-21T22:41:57","guid":{"rendered":"http:\/\/sgsabroad.com\/?page_id=40"},"modified":"2016-11-22T21:24:24","modified_gmt":"2016-11-22T21:24:24","slug":"hakkimizda","status":"publish","type":"page","link":"http:\/\/sgsabroad.com\/?page_id=40","title":{"rendered":"Hakk\u0131m\u0131zda"},"content":{"rendered":"<p><span style=\"color: #df0000;\"><strong>ABOUT US<\/strong><\/span><\/p>\n<p><strong>SGS ABROAD\u00a0<\/strong>has been founded by a team of experts experienced in education, familiar with the problems and eager to come up with solutions so that it can provide Professional support to various educational concerns. Having the consciousness of greatness which is the investment in human, our corporation is to serve his fact. Both in our country and at abroad, we have been making constant investigation and investment in order that our counselee can acquire the most sufficient and efficient education.<\/p>\n<p>NGB Consultancy has been providing professional support to recruit foreign teachers, which is one of the biggest problems confronting the Private Schools. Our corporation has been in agreement with those institutions in England, America, Canada and France that educate teachers so as to employ prospective teachers who are liable to adapt to our country and competent in their subject area. In this respect, our corporation is to<\/p>\n<ul>\n<li>Define the needs of the institution (Recruiter Profile Forum)<\/li>\n<\/ul>\n<ul>\n<li>Identify the most suitable teacher in the repository of candidate teachers in accordance with the pre-established criteria<\/li>\n<\/ul>\n<ul>\n<li>Provide counseling and \/ or services in the subjects of getting all kinds of provisions and approvals including the foreign teacher&#8217;s entrance to the country after being approved by the concerned institution<\/li>\n<\/ul>\n<p>Furthermore, we back up the Non-Governmental Organizations (NGOS) with assist in every stage of European Union (EU) projects set out to congregate our country on its own way to EU to Europe.<\/p>\n<p>Our services in preparation stage can be summed up as the followings below:<\/p>\n<ul>\n<li>Creating a Project<\/li>\n<\/ul>\n<ul>\n<li>Writing the Project<\/li>\n<\/ul>\n<ul>\n<li>Application<\/li>\n<\/ul>\n<ul>\n<li>Correspondence<\/li>\n<\/ul>\n<ul>\n<li>Translations<\/li>\n<\/ul>\n<p>During the implementation of the Project, we can provide guidance in<\/p>\n<ul>\n<li>Coordination<\/li>\n<\/ul>\n<ul>\n<li>Survey and Evaluation<\/li>\n<\/ul>\n<ul>\n<li>Translations<\/li>\n<\/ul>\n<ul>\n<li>Correspondence<\/li>\n<\/ul>\n<ul>\n<li>Meeting and Seminar Organizations<\/li>\n<\/ul>\n<ul>\n<li>Pres Consultancy<\/li>\n<\/ul>\n<p>Preparation of the Written Work<\/p>\n<p><span style=\"color: #df0000;\"><strong>HAKKIMIZDA<\/strong><\/span><\/p>\n<p><b>SGS ABROAD<\/b>, e\u011fitim sekt\u00f6r\u00fcn\u00fcn \u00e7e\u015fitli b\u00f6l\u00fcmlerinde profesyonel destek sa\u011flamak amac\u0131 ile e\u011fitimin i\u00e7inden gelen, sorunlar\u0131 ve \u00e7\u00f6z\u00fcmleri bilen uzman bir ekip taraf\u0131ndan kurulmu\u015ftur. \u0130nsana yap\u0131lan yat\u0131r\u0131m\u0131n en b\u00fcy\u00fck yat\u0131r\u0131m oldu\u011funu bilmekte ve bu ba\u011flamda yat\u0131r\u0131m\u0131n en iyi \u015fekilde yap\u0131lmas\u0131 i\u00e7in hizmet sa\u011flamaktad\u0131r.<\/p>\n<p>Yurti\u00e7i ve yurtd\u0131\u015f\u0131nda bireylerin en iyi e\u011fitimi alabilmeleri i\u00e7in s\u00fcrekli ara\u015ft\u0131rma ve yat\u0131r\u0131m yapmaktad\u0131r.<\/p>\n<p>\u00dclkemizdeki \u00f6zel \u00f6\u011fretim kurumlar\u0131n\u0131n en \u00f6nemli ihtiya\u00e7lar\u0131ndan olan Yabanc\u0131 Dil \u00d6\u011fretmenleri konusunda da kurumumuzun \u0130ngiltere, Amerika, Kanada ve Fransa&#8217;da bulunan ve \u00f6\u011fretmen yeti\u015ftiren kurulu\u015flarla yapt\u0131\u011f\u0131 anla\u015fmalar ile \u00fclkemiz ko\u015fullar\u0131na uyum sa\u011flayabilecek, alan\u0131nda uzman Yabanc\u0131 Dil \u00d6\u011fretmenlerini \u00fclkemize getirmektedir. Bu s\u00fcre\u00e7te kurumumuz:<\/p>\n<ul>\n<li>\u00d6\u011fretim kurumunun ihtiyac\u0131n\u0131 belirlemek<\/li>\n<\/ul>\n<ul>\n<li>Havuzumuzda bulunan adaylar aras\u0131ndan belirlenen kriterlere en uygun aday\u0131 se\u00e7mek<\/li>\n<\/ul>\n<ul>\n<li>\u0130lgili \u00f6\u011fretim kurumunun onay\u0131n\u0131n ard\u0131ndan \u00f6\u011fretmenin \u00fclkemize giri\u015finden t\u00fcm resmi izinlerin al\u0131nmas\u0131 konusunda dan\u0131\u015fmanl\u0131k ve \/veya hizmet sa\u011flamaktad\u0131r.<\/li>\n<\/ul>\n<p>Ayr\u0131ca, Avrupa Birli\u011fi&#8217;ne girme s\u00fcrecindeki \u00fclkemizin Avrupa ile ba\u011flar\u0131n\u0131 g\u00fc\u00e7lendirmek i\u00e7in sunulan AB projelerinin de her safhas\u0131nda Sivil Toplum \u00d6rg\u00fctlerine hizmet vermekteyiz. Proje \u00f6ncesi hizmetlerimiz:<\/p>\n<ul>\n<li>Proje bulunmas\u0131<\/li>\n<\/ul>\n<ul>\n<li>Proje yaz\u0131m\u0131<\/li>\n<\/ul>\n<ul>\n<li>Ba\u015fvurusu<\/li>\n<\/ul>\n<ul>\n<li>Yaz\u0131\u015fmalar<\/li>\n<\/ul>\n<ul>\n<li>Terc\u00fcmeler<\/li>\n<\/ul>\n<p>Olarak \u00f6zetlenebilir. Proje safhas\u0131nda ise:<\/p>\n<ul>\n<li>Koordinat\u00f6rl\u00fck<\/li>\n<\/ul>\n<ul>\n<li>Anketler ve de\u011ferlendirmeleri<\/li>\n<\/ul>\n<ul>\n<li>Terc\u00fcme i\u015fleri<\/li>\n<\/ul>\n<ul>\n<li>Yaz\u0131\u015fmalar<\/li>\n<\/ul>\n<ul>\n<li>Toplant\u0131 ve seminer organizasyonlar\u0131<\/li>\n<\/ul>\n<ul>\n<li>Bas\u0131n dan\u0131\u015fmanl\u0131\u011f\u0131<\/li>\n<\/ul>\n<ul>\n<li>Yaz\u0131l\u0131 eserlerin haz\u0131rlanmas\u0131 olarak s\u0131ralanabilir.<\/li>\n<\/ul>\n<p>&nbsp;<\/p>\n<p>&nbsp;<\/p>\n","protected":false},"excerpt":{"rendered":"<p>ABOUT US SGS ABROAD\u00a0has been founded by a team of experts experienced in education, familiar with the problems and eager to come up with solutions so that it can provide Professional support to various educational concerns. Having the consciousness of greatness which is the investment in human, our corporation is to serve his fact. Both<a class=\"moretag\" href=\"http:\/\/sgsabroad.com\/?page_id=40\"><span class=\"screen-reader-text\">Hakk\u0131nda daha fazlas\u0131n\u0131 oku Hakk\u0131m\u0131zda<\/span>[&#8230;]<\/a><\/p>\n","protected":false},"author":1,"featured_media":0,"parent":0,"menu_order":0,"comment_status":"closed","ping_status":"closed","template":"template-fullwidth.php","meta":[],"_links":{"self":[{"href":"http:\/\/sgsabroad.com\/index.php?rest_route=\/wp\/v2\/pages\/40"}],"collection":[{"href":"http:\/\/sgsabroad.com\/index.php?rest_route=\/wp\/v2\/pages"}],"about":[{"href":"http:\/\/sgsabroad.com\/index.php?rest_route=\/wp\/v2\/types\/page"}],"author":[{"embeddable":true,"href":"http:\/\/sgsabroad.com\/index.php?rest_route=\/wp\/v2\/users\/1"}],"replies":[{"embeddable":true,"href":"http:\/\/sgsabroad.com\/index.php?rest_route=%2Fwp%2Fv2%2Fcomments&post=40"}],"version-history":[{"count":6,"href":"http:\/\/sgsabroad.com\/index.php?rest_route=\/wp\/v2\/pages\/40\/revisions"}],"predecessor-version":[{"id":116,"href":"http:\/\/sgsabroad.com\/index.php?rest_route=\/wp\/v2\/pages\/40\/revisions\/116"}],"wp:attachment":[{"href":"http:\/\/sgsabroad.com\/index.php?rest_route=%2Fwp%2Fv2%2Fmedia&parent=40"}],"curies":[{"name":"wp","href":"https:\/\/api.w.org\/{rel}","templated":true}]}}