{"id":42,"date":"2016-11-21T22:42:04","date_gmt":"2016-11-21T22:42:04","guid":{"rendered":"http:\/\/sgsabroad.com\/?page_id=42"},"modified":"2016-11-22T21:24:46","modified_gmt":"2016-11-22T21:24:46","slug":"hizmetlerimiz","status":"publish","type":"page","link":"http:\/\/sgsabroad.com\/?page_id=42","title":{"rendered":"Hizmetlerimiz"},"content":{"rendered":"<p><strong>SGS ABROAD<\/strong>\u00a0bir\u00e7ok \u00fclkede e\u011fitim programlar\u0131 konusunda dan\u0131\u015fmanl\u0131k hizmeti vermektedir. Dan\u0131\u015fmanl\u0131\u011f\u0131n\u0131 yapt\u0131\u011f\u0131m\u0131z e\u011fitim programlar\u0131m\u0131z \u015fu \u00fclkelerde bulunmaktad\u0131r : ABD, \u0130ngiltere, Avustralya, Kanada, Yeni Zelanda, Malta,G\u00fcney Afrika, Almanya, \u0130spanya, \u0130talya, Fransa ve \u0130svi\u00e7re.<\/p>\n<p><strong>SGS ABROAD<\/strong>, yurtd\u0131\u015f\u0131nda e\u011fitim almak isteyen ki\u015filere \u00fclke, okul se\u00e7imi, program se\u00e7imi ve kay\u0131tlar\u0131n\u0131n yap\u0131lmas\u0131, konaklama, transfer (kar\u015f\u0131lama), sigorta ve u\u00e7ak bileti organizasyonlar\u0131n\u0131n yap\u0131lmas\u0131 ve vize ba\u015fvurular\u0131 konusunda dan\u0131\u015fmanl\u0131k hizmeti vermektedir.<\/p>\n<p>\u00d6\u011frencilerimiz yurtd\u0131\u015f\u0131nda bulunduklar\u0131 s\u00fcrece de onlara dan\u0131\u015fmanl\u0131k yapmaya devam ediyoruz. \u00d6\u011frencilerimiz kar\u015f\u0131la\u015facaklar\u0131 problemler ile ilgilenmek ve onlara yard\u0131mc\u0131 olmak ve her konuda destek olmak dan\u0131\u015fmanl\u0131\u011f\u0131m\u0131z\u0131n bir par\u00e7as\u0131d\u0131r.<\/p>\n<p>Dan\u0131\u015fmanl\u0131\u011f\u0131n\u0131 yapm\u0131\u015f oldu\u011fumuz e\u011fitim programlar\u0131 \u015funlard\u0131r :<\/p>\n<p><span style=\"color: #df0000;\"><strong>GENEL D\u0130L KURSLARI<\/strong><\/span><\/p>\n<p>16 ya\u015f ve \u00fczerindekiler i\u00e7in a\u00e7\u0131k olan bu kurslar ba\u015flang\u0131\u00e7 d\u00fczeyinden ileri d\u00fczeye kadar her seviyede mevcuttur. Haftada 20, 25, 28, 30, 40 ders olan kurslar minumum 2 haftadan ba\u015flar, 52 haftaya kadar devam eder. Yabanc\u0131 dilleri g\u00fcnl\u00fck hayatta kullan\u0131lan (i\u015f, sosyal hayat, al\u0131\u015fveri\u015f&#8230;) \u015fekliyle \u00f6\u011fretmeyi ama\u00e7lar.<\/p>\n<p><span style=\"color: #df0000;\"><strong>AKADEM\u0130K YIL PROGRAMLARI<\/strong><\/span><\/p>\n<p>6 ay ve \u00fczeri kurslar Akademik Y\u0131l Programlar\u0131 olarak adland\u0131r\u0131l\u0131r. Di\u011fer kurslara g\u00f6re avantaj\u0131 % 25 &#8211; 30 daha ekonomik e\u011fitim imkan\u0131 sa\u011flamal\u0131d\u0131r.<\/p>\n<p><span style=\"color: #df0000;\"><strong>AU PAIR&#8217;L\u0130K PROGRAMI<\/strong><\/span><\/p>\n<p>\u0130ngiltere, Fransa, \u0130talya, ve Almanya&#8217;da bu \u00fclkelerin dillerini \u00f6\u011frenmenin en ekonomik yoludur.<\/p>\n<p><span style=\"color: #df0000;\"><strong>AMER\u0130KA\u2019DA \u00d6\u011eRENC\u0130 DE\u011e\u0130\u015e\u0130M PROGRAMI<\/strong><\/span><\/p>\n<p>\u00d6\u011frenciler dikkatle se\u00e7ilen g\u00f6n\u00fcll\u00fc Amerikal\u0131 ailelerin yan\u0131nda bir akademik y\u0131l s\u00fcresince misafir edilirler ve okula devam ederler. Program\u0131n amac\u0131 lise \u00f6\u011frencilerinin Amerika Birle\u015fik Devletlerine giderek e\u011fitim, aile ve sosyal \u00e7evreyle ba\u011flant\u0131l\u0131 olarak uluslararas\u0131 e\u011fitim ve k\u00fclt\u00fcrel al\u0131\u015f veri\u015fi sa\u011flamakt\u0131r.<\/p>\n<p><span style=\"color: #df0000;\"><strong>\u0130\u015e \u0130NG\u0130L\u0130ZCES\u0130<\/strong><\/span><\/p>\n<p>Bu programlar Genel Dil Kursu + \u0130\u015f \u0130ngilizcesi \u015feklinde verilmektedir. Kursa kat\u0131l\u0131m i\u00e7in minumum orta d\u00fczeyde ingilizce bilgisine sahip olmak gerekir. Program ticari terimler (pazarlama, finans &#8230;), i\u015f g\u00f6r\u00fc\u015fmeleri, ticari yaz\u0131\u015fmalar, toplant\u0131ya kat\u0131l\u0131m, telefonda g\u00f6r\u00fc\u015fme teknikleri, rapor haz\u0131rlama, prezentasyon gibi konular\u0131 i\u00e7ermektedir.<\/p>\n<p><span style=\"color: #df0000;\"><strong>MESLEK\u0130 D\u0130L KURSLARI<\/strong><\/span><\/p>\n<p>Mesle\u011finizin gerektirdi\u011fi yabanc\u0131 dili \u00f6\u011fretmeyi ama\u00e7layan programd\u0131r. (Hukuk, T\u0131p, Ekonomi, \u0130thalat-\u0130hracat, Finans, Pazarlama, Gazetecilik, M\u00fchendislik, M\u00fczik, Sekreterlik, Sanat, \u00d6\u011fretmenlere \u00f6zel programlar gibi.)<\/p>\n<p><span style=\"color: #df0000;\"><strong>SERT\u0130F\u0130KA VE D\u0130PLOMA PROGRAMLARI<\/strong><\/span><\/p>\n<p>Marketing, Tourism, Public Relations, Human Resources &#8230; ve daha bir\u00e7ok konuda mesleki e\u011fitim veren programlard\u0131r.<\/p>\n<p><span style=\"color: #df0000;\"><strong>L\u0130SANS VE L\u0130SANS \u00dcST\u00dc PROGRAMLARI<\/strong><\/span><\/p>\n<p>Amerika, \u0130ngiltere, Avustralya, ve Kanada&#8217;da lisans ve master program se\u00e7enekleri.<\/p>\n<p><span style=\"color: #df0000;\"><strong>WORK &amp; STUDY<\/strong><\/span><\/p>\n<p>\u0130ngiltere, Amerika, Kanada, ve Avustralya&#8217;da belirli bir s\u00fcre yo\u011fun ingilizce kursu alanlara 4 &#8211; 24 hafta aras\u0131 ilgilenilen bir konuda faaliyet g\u00f6steren bir \u015firkette staj yapma olana\u011f\u0131 veren programlard\u0131r.<\/p>\n<p><span style=\"color: #df0000;\"><strong>SINAVLARA HAZIRLIK KURSLARI<\/strong><\/span><\/p>\n<p>Premilinary English Test (PET), Key English Test (KET), Cambridge First Certificate (CFC), Cambridge Advaced English (CAE), cambridge Certificate of Proficiency in English (CPE), Cambridge Exam in English for Language Teachers (CEELT), \u0130nternational English Lang\u0131- uage TEST\u0130NG System (IELTS), Test of English as a Foreing Language (TOEFL), TRINITY, A Level, \u0130\u015f \u0130ngilizcesi yeterlilik s\u0131navlar\u0131: Test of English for \u0130nternational Communication (TOIEC), Cambridge Certificate in English for \u0130nternational Business and Trade (CEIBI), London Chamber of Commerce and Industry (LCCI), gibi s\u0131navlara haz\u0131rlayan programlard\u0131r.<\/p>\n<p><span style=\"color: #df0000;\"><strong>EXECUT\u0130VE PROGRAMLAR<\/strong><\/span><\/p>\n<p>Zaman\u0131 k\u0131s\u0131tl\u0131 olan i\u015f adamlar\u0131, profesyoneller, \u00fcst d\u00fczey y\u00f6neticiler i\u00e7in d\u00fczenlenen, k\u00fc\u00e7\u00fck gruplarla y\u00fcr\u00fct\u00fclen programlard\u0131r.<\/p>\n<p><span style=\"color: #df0000;\"><strong>B\u0130RE B\u0130R D\u0130L DERSLER\u0130<\/strong><\/span><\/p>\n<p>\u00d6\u011fretmeninizden sadece siz ders almak istiyorsan\u0131z bir\u00e7ok dil okulunun verdi\u011fi bu programa kat\u0131labilirsiniz.<\/p>\n<p><span style=\"color: #df0000;\"><strong>\u00dcN\u0130VERS\u0130TEYE HAZIRLIK<\/strong><\/span><\/p>\n<p>\u00dcniversiteye giri\u015f i\u00e7in haz\u0131rlanm\u0131\u015f programlar olup yo\u011fun \u0130ngilizce derslerine ek olarak \u00e7e\u015fitli konularda dersler almak da m\u00fcmk\u00fcnd\u00fcr.<\/p>\n<p><span style=\"color: #df0000;\"><strong>YAZ OKULLARI<\/strong><\/span><\/p>\n<p>7 &#8211; 17 ya\u015f ve daha \u00fcst ya\u015ftakiler i\u00e7in 3 &#8211; 4 hafta veya daha uzun s\u00fcreli yaz kurslar\u0131d\u0131r.<\/p>\n","protected":false},"excerpt":{"rendered":"<p>SGS ABROAD\u00a0bir\u00e7ok \u00fclkede e\u011fitim programlar\u0131 konusunda dan\u0131\u015fmanl\u0131k hizmeti vermektedir. Dan\u0131\u015fmanl\u0131\u011f\u0131n\u0131 yapt\u0131\u011f\u0131m\u0131z e\u011fitim programlar\u0131m\u0131z \u015fu \u00fclkelerde bulunmaktad\u0131r : ABD, \u0130ngiltere, Avustralya, Kanada, Yeni Zelanda, Malta,G\u00fcney Afrika, Almanya, \u0130spanya, \u0130talya, Fransa ve \u0130svi\u00e7re. SGS ABROAD, yurtd\u0131\u015f\u0131nda e\u011fitim almak isteyen ki\u015filere \u00fclke, okul se\u00e7imi, program se\u00e7imi ve kay\u0131tlar\u0131n\u0131n yap\u0131lmas\u0131, konaklama, transfer (kar\u015f\u0131lama), sigorta ve u\u00e7ak bileti organizasyonlar\u0131n\u0131n yap\u0131lmas\u0131<a class=\"moretag\" href=\"http:\/\/sgsabroad.com\/?page_id=42\"><span class=\"screen-reader-text\">Hakk\u0131nda daha fazlas\u0131n\u0131 oku Hizmetlerimiz<\/span>[&#8230;]<\/a><\/p>\n","protected":false},"author":1,"featured_media":0,"parent":0,"menu_order":0,"comment_status":"closed","ping_status":"closed","template":"template-fullwidth.php","meta":[],"_links":{"self":[{"href":"http:\/\/sgsabroad.com\/index.php?rest_route=\/wp\/v2\/pages\/42"}],"collection":[{"href":"http:\/\/sgsabroad.com\/index.php?rest_route=\/wp\/v2\/pages"}],"about":[{"href":"http:\/\/sgsabroad.com\/index.php?rest_route=\/wp\/v2\/types\/page"}],"author":[{"embeddable":true,"href":"http:\/\/sgsabroad.com\/index.php?rest_route=\/wp\/v2\/users\/1"}],"replies":[{"embeddable":true,"href":"http:\/\/sgsabroad.com\/index.php?rest_route=%2Fwp%2Fv2%2Fcomments&post=42"}],"version-history":[{"count":4,"href":"http:\/\/sgsabroad.com\/index.php?rest_route=\/wp\/v2\/pages\/42\/revisions"}],"predecessor-version":[{"id":118,"href":"http:\/\/sgsabroad.com\/index.php?rest_route=\/wp\/v2\/pages\/42\/revisions\/118"}],"wp:attachment":[{"href":"http:\/\/sgsabroad.com\/index.php?rest_route=%2Fwp%2Fv2%2Fmedia&parent=42"}],"curies":[{"name":"wp","href":"https:\/\/api.w.org\/{rel}","templated":true}]}}