{"id":48,"date":"2016-11-21T22:45:45","date_gmt":"2016-11-21T22:45:45","guid":{"rendered":"http:\/\/sgsabroad.com\/?page_id=48"},"modified":"2016-11-22T21:51:20","modified_gmt":"2016-11-22T21:51:20","slug":"kurs-turleri","status":"publish","type":"page","link":"http:\/\/sgsabroad.com\/?page_id=48","title":{"rendered":"Yurt D\u0131\u015f\u0131 E\u011fitim"},"content":{"rendered":"<table cellspacing=\"0\" cellpadding=\"0\" align=\"left\">\n<tbody>\n<tr>\n<td width=\"526\">\n<table border=\"0\" cellspacing=\"0\" cellpadding=\"0\">\n<tbody>\n<tr>\n<td class=\"MENU\" width=\"526\">L\u00fctfen yurtd\u0131\u015f\u0131 e\u011fitim almak istedi\u011finiz linki t\u0131klay\u0131n&#8230;<\/p>\n<ul>\n<li>\n<h3><a href=\"http:\/\/sgsabroad.com\/?page_id=140\">ABD&#8217;de e\u011fitim<\/a><\/h3>\n<\/li>\n<\/ul>\n<ul>\n<li>\n<h3><a href=\"http:\/\/sgsabroad.com\/?page_id=142\">Avustralya&#8217;da e\u011fitim<\/a><\/h3>\n<\/li>\n<\/ul>\n<ul>\n<li>\n<h3><a href=\"http:\/\/sgsabroad.com\/?page_id=144\">\u0130ngiltere&#8217;de e\u011fitim<\/a><\/h3>\n<\/li>\n<\/ul>\n<ul>\n<li>\n<h3><a href=\"http:\/\/sgsabroad.com\/?page_id=147\">Kanada&#8217;da e\u011fitim<\/a><\/h3>\n<\/li>\n<\/ul>\n<ul>\n<li>\n<h3><a href=\"http:\/\/sgsabroad.com\/?page_id=149\">Amerika\u2019da Akademik Y\u0131l \u00d6\u011frenci De\u011fi\u015fim Program\u0131<\/a><\/h3>\n<\/li>\n<\/ul>\n<\/td>\n<\/tr>\n<\/tbody>\n<\/table>\n<\/td>\n<\/tr>\n<\/tbody>\n<\/table>\n","protected":false},"excerpt":{"rendered":"<p>L\u00fctfen yurtd\u0131\u015f\u0131 e\u011fitim almak istedi\u011finiz linki t\u0131klay\u0131n&#8230; ABD&#8217;de e\u011fitim Avustralya&#8217;da e\u011fitim \u0130ngiltere&#8217;de e\u011fitim Kanada&#8217;da e\u011fitim Amerika\u2019da Akademik Y\u0131l \u00d6\u011frenci De\u011fi\u015fim Program\u0131<\/p>\n","protected":false},"author":1,"featured_media":0,"parent":0,"menu_order":0,"comment_status":"closed","ping_status":"closed","template":"template-fullwidth.php","meta":[],"_links":{"self":[{"href":"http:\/\/sgsabroad.com\/index.php?rest_route=\/wp\/v2\/pages\/48"}],"collection":[{"href":"http:\/\/sgsabroad.com\/index.php?rest_route=\/wp\/v2\/pages"}],"about":[{"href":"http:\/\/sgsabroad.com\/index.php?rest_route=\/wp\/v2\/types\/page"}],"author":[{"embeddable":true,"href":"http:\/\/sgsabroad.com\/index.php?rest_route=\/wp\/v2\/users\/1"}],"replies":[{"embeddable":true,"href":"http:\/\/sgsabroad.com\/index.php?rest_route=%2Fwp%2Fv2%2Fcomments&post=48"}],"version-history":[{"count":6,"href":"http:\/\/sgsabroad.com\/index.php?rest_route=\/wp\/v2\/pages\/48\/revisions"}],"predecessor-version":[{"id":151,"href":"http:\/\/sgsabroad.com\/index.php?rest_route=\/wp\/v2\/pages\/48\/revisions\/151"}],"wp:attachment":[{"href":"http:\/\/sgsabroad.com\/index.php?rest_route=%2Fwp%2Fv2%2Fmedia&parent=48"}],"curies":[{"name":"wp","href":"https:\/\/api.w.org\/{rel}","templated":true}]}}