{"id":59,"date":"2016-11-21T22:47:50","date_gmt":"2016-11-21T22:47:50","guid":{"rendered":"http:\/\/sgsabroad.com\/?page_id=59"},"modified":"2016-11-30T13:01:16","modified_gmt":"2016-11-30T13:01:16","slug":"universiteler","status":"publish","type":"page","link":"http:\/\/sgsabroad.com\/?page_id=59","title":{"rendered":"\u00dcniversiteler"},"content":{"rendered":"<p><span style=\"color: #df0000;\"><strong>\u0130NG\u0130LTERE, AMER\u0130KA, ve AVUSTRALYA&#8217;DA \u00dcN\u0130VERS\u0130TE E\u011e\u0130T\u0130M\u0130<\/strong><\/span><\/p>\n<p><span style=\"color: #df0000;\"><strong>UNDERGRADUATE (L\u0130SANS PROGRAMLARI)<\/strong><\/span><\/p>\n<p>S\u00fcre: 3-4 Y\u0131l aras\u0131nda de\u011fi\u015fmektedir. Lisans diplomalar\u0131, b\u00f6l\u00fcm\u00fcne g\u00f6re BA (Bachelor of Arts), BSc (Bachelor of Science), BEng (Bachelor of Engineering) ve BEdu (Bachelor of Education) olarak adland\u0131r\u0131lmaktad\u0131r.<\/p>\n<p><span style=\"color: #df0000;\"><strong>POSTGRADUATE (MASTER PROGRAMLARI)<\/strong><\/span><\/p>\n<p>S\u00fcre: 1-2 y\u0131l aras\u0131nda de\u011fi\u015fmektedir. Master diplomalar\u0131, b\u00f6l\u00fcm\u00fcne g\u00f6re MPhil (Master of Philosophy), MA (Master of Arts), MEng (Master of Engineering), MSc (Master of Science) ve MBA (Master of Business Administration) olarak adland\u0131r\u0131lmaktad\u0131r.<\/p>\n<p><span style=\"color: #df0000;\"><strong>DOKTORA PROGRAMLARI<\/strong><\/span><\/p>\n<p>PhD (Doctor of Philosophy)<br \/>\nDBA (Doctor of Business Administration)<br \/>\nEdD (Doctorate in Education)<\/p>\n<p><span style=\"color: #df0000;\"><strong>\u00d6\u011eRENC\u0130L\u0130KTE \u00c7ALI\u015eMA OLANAKLARI<\/strong><\/span><\/p>\n<p><span style=\"color: #df0000;\"><strong>\u0130NG\u0130LTERE :<\/strong><\/span> 6 ay ve \u00fczerinde \u00f6\u011frenci vizesi ile gidenlere haftada resmi olarak 20 saat \u00e7al\u0131\u015fma izni verilmektedir.<\/p>\n<p><span style=\"color: #df0000;\"><strong>AVUSTURALYA :<\/strong><\/span> \u00d6\u011frencilere hafta i\u00e7i part-time hafta sonu full-time \u00e7al\u0131\u015fma imkan\u0131 sa\u011flamaktad\u0131r.<\/p>\n<p><span style=\"color: #df0000;\"><strong>AMER\u0130KA :<\/strong><\/span> \u00d6\u011frencili\u011fin 1. y\u0131l\u0131 doldurulduktan sonra haftada 20 saat \u00e7al\u0131\u015fma izni verilmektedir.<\/p>\n<p><span style=\"color: #df0000;\"><strong>KANADA :<\/strong><\/span> \u00c7al\u0131\u015fma izni yoktur.<\/p>\n<p>Ayr\u0131nt\u0131l\u0131 bilgi ve di\u011fer \u00fclkelerde y\u00fcksek \u00f6\u011frenim programlar\u0131 i\u00e7in l\u00fctfen bizimle ba\u011flant\u0131ya ge\u00e7in.<\/p>\n","protected":false},"excerpt":{"rendered":"<p>\u0130NG\u0130LTERE, AMER\u0130KA, ve AVUSTRALYA&#8217;DA \u00dcN\u0130VERS\u0130TE E\u011e\u0130T\u0130M\u0130 UNDERGRADUATE (L\u0130SANS PROGRAMLARI) S\u00fcre: 3-4 Y\u0131l aras\u0131nda de\u011fi\u015fmektedir. Lisans diplomalar\u0131, b\u00f6l\u00fcm\u00fcne g\u00f6re BA (Bachelor of Arts), BSc (Bachelor of Science), BEng (Bachelor of Engineering) ve BEdu (Bachelor of Education) olarak adland\u0131r\u0131lmaktad\u0131r. POSTGRADUATE (MASTER PROGRAMLARI) S\u00fcre: 1-2 y\u0131l aras\u0131nda de\u011fi\u015fmektedir. Master diplomalar\u0131, b\u00f6l\u00fcm\u00fcne g\u00f6re MPhil (Master of Philosophy), MA (Master<a class=\"moretag\" href=\"http:\/\/sgsabroad.com\/?page_id=59\"><span class=\"screen-reader-text\">Hakk\u0131nda daha fazlas\u0131n\u0131 oku \u00dcniversiteler<\/span>[&#8230;]<\/a><\/p>\n","protected":false},"author":1,"featured_media":0,"parent":0,"menu_order":0,"comment_status":"closed","ping_status":"closed","template":"template-fullwidth.php","meta":[],"_links":{"self":[{"href":"http:\/\/sgsabroad.com\/index.php?rest_route=\/wp\/v2\/pages\/59"}],"collection":[{"href":"http:\/\/sgsabroad.com\/index.php?rest_route=\/wp\/v2\/pages"}],"about":[{"href":"http:\/\/sgsabroad.com\/index.php?rest_route=\/wp\/v2\/types\/page"}],"author":[{"embeddable":true,"href":"http:\/\/sgsabroad.com\/index.php?rest_route=\/wp\/v2\/users\/1"}],"replies":[{"embeddable":true,"href":"http:\/\/sgsabroad.com\/index.php?rest_route=%2Fwp%2Fv2%2Fcomments&post=59"}],"version-history":[{"count":4,"href":"http:\/\/sgsabroad.com\/index.php?rest_route=\/wp\/v2\/pages\/59\/revisions"}],"predecessor-version":[{"id":212,"href":"http:\/\/sgsabroad.com\/index.php?rest_route=\/wp\/v2\/pages\/59\/revisions\/212"}],"wp:attachment":[{"href":"http:\/\/sgsabroad.com\/index.php?rest_route=%2Fwp%2Fv2%2Fmedia&parent=59"}],"curies":[{"name":"wp","href":"https:\/\/api.w.org\/{rel}","templated":true}]}}