{"id":61,"date":"2016-11-21T22:48:04","date_gmt":"2016-11-21T22:48:04","guid":{"rendered":"http:\/\/sgsabroad.com\/?page_id=61"},"modified":"2016-11-22T21:47:13","modified_gmt":"2016-11-22T21:47:13","slug":"dil-okullari","status":"publish","type":"page","link":"http:\/\/sgsabroad.com\/?page_id=61","title":{"rendered":"Dil Okullar\u0131"},"content":{"rendered":"<table border=\"0\" cellspacing=\"0\" cellpadding=\"0\">\n<tbody>\n<tr>\n<td class=\"MENU\" width=\"526\">Temsilcili\u011fini yapt\u0131\u011f\u0131m\u0131z dil okullar\u0131n listeleri ve fiyat bilgilerini bulaca\u011f\u0131n\u0131z bu sayfalarda fiyatlar, y\u0131l i\u00e7erisinde zamana ba\u011fl\u0131 olarak de\u011fi\u015fiklik g\u00f6sterdi\u011finden katalog fiyatlar\u0131n\u0131n dikkate al\u0131nmas\u0131 gerekmektedir. T\u00fcm \u00f6\u011frencilerimizden dil okullar\u0131n\u0131n orijinal katalog fiyatlar\u0131 talep edilmektedir.<strong>Ekstra bir \u00fccret al\u0131nmaz.<\/strong><\/td>\n<\/tr>\n<tr>\n<td class=\"MENU\">\n<ul>\n<li>Almanya<\/li>\n<li>Fransa<\/li>\n<li>\u0130spanya<\/li>\n<li>Kanada<\/li>\n<li>Amerika<\/li>\n<li>\u0130ngiltere<\/li>\n<li>\u0130svi\u00e7re<\/li>\n<li>Malta<\/li>\n<li>Avustralya<\/li>\n<li>\u0130talya<\/li>\n<li>Yeni Zelanda<\/li>\n<\/ul>\n<\/td>\n<\/tr>\n<tr>\n<td class=\"MENU\" width=\"526\"><span style=\"color: #df0000;\"><strong>AKADEM\u0130K YIL PROGRAMLARI<\/strong><\/span><\/p>\n<ul>\n<li>Akademik Y\u0131l Kurslar\u0131 6 \u2013 9 ay s\u00fcrmektedir. Akademik Y\u0131l kurslar\u0131n\u0131 bitiren \u00f6\u011frencilerin genel olarak dil seviyelerinin \u00fcniversite e\u011fitimi alabilecek seviyede olmas\u0131 beklenir.<\/li>\n<\/ul>\n<ul>\n<li>Akademik Y\u0131l kurslar\u0131na ba\u015flang\u0131\u00e7tan ileri seviyeye kadar her seviyede ki\u015filer ba\u015flayabilir.<\/li>\n<li>Akademik Y\u0131l Kurslar\u0131nda Genel Dil kursunun yan\u0131nda, Ticari \u0130ngilizce, Medya, Pazarlama, Turizm, Bilgisayar, Edebiyat, Tarih, Siyaset ve Dil S\u0131navlar\u0131na haz\u0131rl\u0131k gibi konularda da se\u00e7enekler sunulmaktad\u0131r.<\/li>\n<\/ul>\n<ul>\n<li>Akademik Y\u0131l Kurslar\u0131 y\u0131l boyunca devam eden kurslara g\u00f6re %15 \u2013 30 oran\u0131nda daha ekonomiktir.Bunun sebepleri kurslar\u0131n uzun s\u00fcreli olmas\u0131 ve okul \u00fccreti ile birlikte konaklama \u00fccretlerinin de kurs ba\u015flamadan \u00f6nce pe\u015fin olarak \u00f6denecek olmas\u0131d\u0131r.<\/li>\n<\/ul>\n<ul>\n<li>Akademik Y\u0131l Kurslar\u0131 y\u0131l\u0131n belirli d\u00f6nemlerinde, belli tarihlerde ba\u015flar. Baz\u0131 okullarda ba\u015flang\u0131\u00e7 tarihleri daha esnek olabilir.<\/li>\n<\/ul>\n<ul>\n<li>A\u015fa\u011f\u0131daki tabloda verilen Akademik Y\u0131l Kurslar\u0131n\u0131n fiyatlar\u0131na aile yan\u0131nda tek veya iki ki\u015filik odada sabah ve ak\u015fam yeme\u011fi ile birlikte konaklamalar da dahildir.Baz\u0131 okullarda farkl\u0131 konaklama (yurt vb.) se\u00e7enekleri de mevcuttur.<\/li>\n<\/ul>\n<ul>\n<li>Tablodaki fiyatlarda hatalar olabilece\u011fini varsayarak , kesin fiyatlar i\u00e7in okullar\u0131n orijinal kataloglar\u0131nda verilmi\u015f bilgiler esas al\u0131nmal\u0131d\u0131r.<\/li>\n<\/ul>\n<p>Akademik Y\u0131l Kurslar\u0131 hakk\u0131nda daha ayr\u0131nt\u0131l\u0131 bilgiyi bizimle ileti\u015fime ge\u00e7erek alabilirsiniz.<\/td>\n<\/tr>\n<\/tbody>\n<\/table>\n<p>\u00dccretler \u0130ngiltere&#8217;de \u0130ngiliz Sterlini, ABD&#8217;de Amerikan dolar\u0131, Kanada&#8217;da Kanada dolar\u0131, Yeni Zelanda&#8217;da Yeni Zelanda dolar\u0131,\u0130svi\u00e7re&#8217;de \u0130svi\u00e7re frang\u0131, Avustralya&#8217;da Avustralya dolar\u0131, Malta&#8217;da Malta liras\u0131 ve Almanya, Fransa, \u0130talya ve \u0130spanya&#8217;da Euro olarak g\u00f6sterilmi\u015ftir.<\/p>\n<p>L\u0130STEDEK\u0130 F\u0130YATLAR OKULLARIN OR\u0130J\u0130NAL F\u0130YATLARIDIR. \u015e\u0130RKET\u0130M\u0130Z PRENS\u0130P OLARAK \u00d6\u011eRENC\u0130LER\u0130NDEN HERHANG\u0130 B\u0130R \u00dcCRET ALMAZ VE OKUL KATALOGLARINDAK\u0130 OR\u0130J\u0130NAL F\u0130YATLAR UYGULANIR.<\/p>\n<p>Listedeki g\u00f6sterilen fiyatlar haftal\u0131k konaklamalar aile yan\u0131nda tek veya \u00e7ift ki\u015filik odada, sabah kahvalt\u0131s\u0131 ve ak\u015fam yeme\u011fi dahil konaklamalard\u0131r. Ancak okullar\u0131n farkl\u0131 konaklama se\u00e7enekleri bulunmaktad\u0131r.<\/p>\n","protected":false},"excerpt":{"rendered":"<p>Temsilcili\u011fini yapt\u0131\u011f\u0131m\u0131z dil okullar\u0131n listeleri ve fiyat bilgilerini bulaca\u011f\u0131n\u0131z bu sayfalarda fiyatlar, y\u0131l i\u00e7erisinde zamana ba\u011fl\u0131 olarak de\u011fi\u015fiklik g\u00f6sterdi\u011finden katalog fiyatlar\u0131n\u0131n dikkate al\u0131nmas\u0131 gerekmektedir. T\u00fcm \u00f6\u011frencilerimizden dil okullar\u0131n\u0131n orijinal katalog fiyatlar\u0131 talep edilmektedir.Ekstra bir \u00fccret al\u0131nmaz. Almanya Fransa \u0130spanya Kanada Amerika \u0130ngiltere \u0130svi\u00e7re Malta Avustralya \u0130talya Yeni Zelanda AKADEM\u0130K YIL PROGRAMLARI Akademik Y\u0131l Kurslar\u0131 6<a class=\"moretag\" href=\"http:\/\/sgsabroad.com\/?page_id=61\"><span class=\"screen-reader-text\">Hakk\u0131nda daha fazlas\u0131n\u0131 oku Dil Okullar\u0131<\/span>[&#8230;]<\/a><\/p>\n","protected":false},"author":1,"featured_media":0,"parent":0,"menu_order":0,"comment_status":"closed","ping_status":"closed","template":"template-fullwidth.php","meta":[],"_links":{"self":[{"href":"http:\/\/sgsabroad.com\/index.php?rest_route=\/wp\/v2\/pages\/61"}],"collection":[{"href":"http:\/\/sgsabroad.com\/index.php?rest_route=\/wp\/v2\/pages"}],"about":[{"href":"http:\/\/sgsabroad.com\/index.php?rest_route=\/wp\/v2\/types\/page"}],"author":[{"embeddable":true,"href":"http:\/\/sgsabroad.com\/index.php?rest_route=\/wp\/v2\/users\/1"}],"replies":[{"embeddable":true,"href":"http:\/\/sgsabroad.com\/index.php?rest_route=%2Fwp%2Fv2%2Fcomments&post=61"}],"version-history":[{"count":6,"href":"http:\/\/sgsabroad.com\/index.php?rest_route=\/wp\/v2\/pages\/61\/revisions"}],"predecessor-version":[{"id":139,"href":"http:\/\/sgsabroad.com\/index.php?rest_route=\/wp\/v2\/pages\/61\/revisions\/139"}],"wp:attachment":[{"href":"http:\/\/sgsabroad.com\/index.php?rest_route=%2Fwp%2Fv2%2Fmedia&parent=61"}],"curies":[{"name":"wp","href":"https:\/\/api.w.org\/{rel}","templated":true}]}}